{"id":105,"date":"2013-11-01T09:34:38","date_gmt":"2013-11-01T08:34:38","guid":{"rendered":"https:\/\/escofetasociados.com\/web\/?page_id=105"},"modified":"2020-04-18T20:36:15","modified_gmt":"2020-04-18T18:36:15","slug":"asesoramiento-financiero","status":"publish","type":"page","link":"https:\/\/www.escofetasociados.com\/web\/asesoramiento-financiero\/","title":{"rendered":"<!--:es-->Asesoramiento Financiero<!--:--><!--:en-->Financial Advice<!--:-->"},"content":{"rendered":"\n<p>[:es]Ofrecemos un Asesoramiento Financiero completo tanto en el \u00e1mbito de tesorer\u00eda como en el financiero. Tanto en el diagn\u00f3stico como en la valoraci\u00f3n.<\/p>\n\n\n\n<p>[:en]We offer complete Financial Advice in both the treasury and financial fields. Both in diagnosis and evaluation.<\/p>\n\n\n<p><!--:en--><\/p>\n<table>\n<tbody>\n<tr>\n<td><a href=\"https:\/\/i0.wp.com\/escofetasociados.com\/web\/2014\/01\/a2.png?ssl=1\"><img data-recalc-dims=\"1\" loading=\"lazy\" decoding=\"async\" class=\"alignnone wp-image-151 size-medium\" src=\"https:\/\/i0.wp.com\/www.escofetasociados.com\/web\/wp-content\/uploads\/2014\/01\/a2.png?resize=199%2C300&#038;ssl=1\" alt=\"Financial Advice\" width=\"199\" height=\"300\" srcset=\"https:\/\/i0.wp.com\/www.escofetasociados.com\/web\/wp-content\/uploads\/2014\/01\/a2.png?resize=199%2C300&amp;ssl=1 199w, https:\/\/i0.wp.com\/www.escofetasociados.com\/web\/wp-content\/uploads\/2014\/01\/a2.png?w=200&amp;ssl=1 200w\" sizes=\"auto, (max-width: 199px) 100vw, 199px\" \/><\/a><\/td>\n<td width=\"20\">\u00a0<\/td>\n<td>\n<ul>\n<li><span style=\"color: #000000; font-family: Verdana;\"><span style=\"color: #000000; font-family: Verdana;\">Cash management. <\/span><\/span><\/li>\n<li><span style=\"color: #000000; font-family: Verdana;\"><span style=\"color: #000000; font-family: Verdana;\">Drawing up cash and financial budgets, monitoring them and analysing deviations.<\/span><\/span><\/li>\n<li><span style=\"color: #000000; font-family: Verdana;\"><span style=\"color: #000000; font-family: Verdana;\">Financial diagnosis and restructuring.<\/span><\/span><\/li>\n<li><span style=\"color: #000000; font-family: Verdana;\"><span style=\"color: #000000; font-family: Verdana;\">Project financing studies. <\/span><\/span><\/li>\n<li><span style=\"color: #000000; font-family: Verdana;\"><span style=\"color: #000000; font-family: Verdana;\">Advice and assistance in negotiations with financial institutions for asset and liability products.<\/span><\/span><\/li>\n<li><span style=\"color: #000000; font-family: Verdana;\"><span style=\"color: #000000; font-family: Verdana;\">Appraisals of companies or businesses.<\/span><\/span><\/li>\n<\/ul>\n<\/td>\n<\/tr>\n<\/tbody>\n<\/table>\n<p><!--:--><!--:es--><\/p>\n<table>\n<tbody>\n<tr>\n<td><a href=\"https:\/\/escofetasociados.com\/web\/2014\/01\/a2.png\"><img loading=\"lazy\" decoding=\"async\" class=\"alignnone wp-image-151 size-medium\" src=\"\/wp-content\/uploads\/2014\/01\/a2-199x300.png\" alt=\"Asesoramiento Financiero\" width=\"199\" height=\"300\" srcset=\"https:\/\/i0.wp.com\/www.escofetasociados.com\/web\/wp-content\/uploads\/2014\/01\/a2.png?resize=199%2C300&amp;ssl=1 199w, https:\/\/i0.wp.com\/www.escofetasociados.com\/web\/wp-content\/uploads\/2014\/01\/a2.png?w=200&amp;ssl=1 200w\" sizes=\"auto, (max-width: 199px) 100vw, 199px\" \/><\/a><\/td>\n<td width=\"20\">\u00a0<\/td>\n<td>\n<ul>\n<li>Gesti\u00f3n de tesorer\u00eda.<\/li>\n<li>Confecci\u00f3n de presupuestos de tesorer\u00eda y financieros; seguimientos de los mismos y an\u00e1lisis de desviaciones.<\/li>\n<li>Diagn\u00f3stico y reestructuraciones financieras.<\/li>\n<li>Estudios de financiaci\u00f3n de proyectos.<\/li>\n<li>Asesoramiento\u00a0y asistencia en las negociaciones con entidades financieras, tanto para productos de activo como de pasivo.<\/li>\n<li>Valoraciones de empresas o negocios.<\/li>\n<\/ul>\n<\/td>\n<\/tr>\n<\/tbody>\n<\/table>\n<p><!--:--><\/p>","protected":false},"excerpt":{"rendered":"<p>[:es]Ofrecemos un Asesoramiento Financiero completo tanto en el \u00e1mbito de tesorer\u00eda como en el financiero. Tanto en el diagn\u00f3stico como en la valoraci\u00f3n. [:en]We offer complete Financial Advice in both the treasury and financial fields. Both in diagnosis and evaluation. \u00a0 Cash management. Drawing up cash and financial budgets, monitoring them and analysing deviations. Financial [&hellip;]<\/p>\n","protected":false},"author":2,"featured_media":0,"parent":0,"menu_order":0,"comment_status":"closed","ping_status":"closed","template":"","meta":{"footnotes":""},"class_list":["post-105","page","type-page","status-publish","hentry"],"yoast_head":"<!-- This site is optimized with the Yoast SEO plugin v27.2 - https:\/\/yoast.com\/product\/yoast-seo-wordpress\/ -->\n<title>Asesoramiento Financiero Completo - Escofet Asociados<\/title>\n<meta name=\"description\" content=\"Ofrecemos un Asesoramiento Financiero completo tanto en el \u00e1mbito de tesorer\u00eda como en el financiero. Tanto en el diagn\u00f3stico como en la valoraci\u00f3n.\" \/>\n<meta name=\"robots\" content=\"index, follow, max-snippet:-1, max-image-preview:large, max-video-preview:-1\" \/>\n<link rel=\"canonical\" href=\"https:\/\/www.escofetasociados.com\/web\/asesoramiento-financiero\/\" \/>\n<meta property=\"og:locale\" content=\"es_ES\" \/>\n<meta property=\"og:type\" content=\"article\" \/>\n<meta property=\"og:title\" content=\"Asesoramiento Financiero Completo - Escofet Asociados\" \/>\n<meta property=\"og:description\" content=\"Ofrecemos un Asesoramiento Financiero completo tanto en el \u00e1mbito de tesorer\u00eda como en el financiero. Tanto en el diagn\u00f3stico como en la valoraci\u00f3n.\" \/>\n<meta property=\"og:url\" content=\"https:\/\/www.escofetasociados.com\/web\/asesoramiento-financiero\/\" \/>\n<meta property=\"og:site_name\" content=\"Escofet Asociados\" \/>\n<meta property=\"article:modified_time\" content=\"2020-04-18T18:36:15+00:00\" \/>\n<meta property=\"og:image\" content=\"https:\/\/www.escofetasociados.com\/web\/wp-content\/uploads\/2014\/01\/a2-199x300.png\" \/>\n<meta name=\"twitter:card\" content=\"summary_large_image\" \/>\n<meta name=\"twitter:label1\" content=\"Tiempo de lectura\" \/>\n\t<meta name=\"twitter:data1\" content=\"1 minuto\" \/>\n<script type=\"application\/ld+json\" class=\"yoast-schema-graph\">{\"@context\":\"https:\/\/schema.org\",\"@graph\":[{\"@type\":\"WebPage\",\"@id\":\"https:\/\/www.escofetasociados.com\/web\/asesoramiento-financiero\/\",\"url\":\"https:\/\/www.escofetasociados.com\/web\/asesoramiento-financiero\/\",\"name\":\"Asesoramiento Financiero Completo - Escofet Asociados\",\"isPartOf\":{\"@id\":\"https:\/\/www.escofetasociados.com\/web\/#website\"},\"primaryImageOfPage\":{\"@id\":\"https:\/\/www.escofetasociados.com\/web\/asesoramiento-financiero\/#primaryimage\"},\"image\":{\"@id\":\"https:\/\/www.escofetasociados.com\/web\/asesoramiento-financiero\/#primaryimage\"},\"thumbnailUrl\":\"https:\/\/www.escofetasociados.com\/web\/wp-content\/uploads\/2014\/01\/a2-199x300.png\",\"datePublished\":\"2013-11-01T08:34:38+00:00\",\"dateModified\":\"2020-04-18T18:36:15+00:00\",\"description\":\"Ofrecemos un Asesoramiento Financiero completo tanto en el \u00e1mbito de tesorer\u00eda como en el financiero. Tanto en el diagn\u00f3stico como en la valoraci\u00f3n.\",\"breadcrumb\":{\"@id\":\"https:\/\/www.escofetasociados.com\/web\/asesoramiento-financiero\/#breadcrumb\"},\"inLanguage\":\"es\",\"potentialAction\":[{\"@type\":\"ReadAction\",\"target\":[\"https:\/\/www.escofetasociados.com\/web\/asesoramiento-financiero\/\"]}]},{\"@type\":\"ImageObject\",\"inLanguage\":\"es\",\"@id\":\"https:\/\/www.escofetasociados.com\/web\/asesoramiento-financiero\/#primaryimage\",\"url\":\"https:\/\/i0.wp.com\/www.escofetasociados.com\/web\/wp-content\/uploads\/2014\/01\/a2.png?fit=200%2C301&ssl=1\",\"contentUrl\":\"https:\/\/i0.wp.com\/www.escofetasociados.com\/web\/wp-content\/uploads\/2014\/01\/a2.png?fit=200%2C301&ssl=1\",\"width\":200,\"height\":301},{\"@type\":\"BreadcrumbList\",\"@id\":\"https:\/\/www.escofetasociados.com\/web\/asesoramiento-financiero\/#breadcrumb\",\"itemListElement\":[{\"@type\":\"ListItem\",\"position\":1,\"name\":\"Portada\",\"item\":\"https:\/\/www.escofetasociados.com\/web\/\"},{\"@type\":\"ListItem\",\"position\":2,\"name\":\"Asesoramiento FinancieroFinancial Advice\"}]},{\"@type\":\"WebSite\",\"@id\":\"https:\/\/www.escofetasociados.com\/web\/#website\",\"url\":\"https:\/\/www.escofetasociados.com\/web\/\",\"name\":\"Escofet Asociados\",\"description\":\"+asociados\",\"publisher\":{\"@id\":\"https:\/\/www.escofetasociados.com\/web\/#organization\"},\"potentialAction\":[{\"@type\":\"SearchAction\",\"target\":{\"@type\":\"EntryPoint\",\"urlTemplate\":\"https:\/\/www.escofetasociados.com\/web\/?s={search_term_string}\"},\"query-input\":{\"@type\":\"PropertyValueSpecification\",\"valueRequired\":true,\"valueName\":\"search_term_string\"}}],\"inLanguage\":\"es\"},{\"@type\":\"Organization\",\"@id\":\"https:\/\/www.escofetasociados.com\/web\/#organization\",\"name\":\"Escofet Asociados\",\"url\":\"https:\/\/www.escofetasociados.com\/web\/\",\"logo\":{\"@type\":\"ImageObject\",\"inLanguage\":\"es\",\"@id\":\"https:\/\/www.escofetasociados.com\/web\/#\/schema\/logo\/image\/\",\"url\":\"https:\/\/i0.wp.com\/www.escofetasociados.com\/web\/wp-content\/uploads\/2013\/10\/logop1.jpg?fit=100%2C170&ssl=1\",\"contentUrl\":\"https:\/\/i0.wp.com\/www.escofetasociados.com\/web\/wp-content\/uploads\/2013\/10\/logop1.jpg?fit=100%2C170&ssl=1\",\"width\":100,\"height\":170,\"caption\":\"Escofet Asociados\"},\"image\":{\"@id\":\"https:\/\/www.escofetasociados.com\/web\/#\/schema\/logo\/image\/\"}}]}<\/script>\n<!-- \/ Yoast SEO plugin. -->","yoast_head_json":{"title":"Asesoramiento Financiero Completo - Escofet Asociados","description":"Ofrecemos un Asesoramiento Financiero completo tanto en el \u00e1mbito de tesorer\u00eda como en el financiero. Tanto en el diagn\u00f3stico como en la valoraci\u00f3n.","robots":{"index":"index","follow":"follow","max-snippet":"max-snippet:-1","max-image-preview":"max-image-preview:large","max-video-preview":"max-video-preview:-1"},"canonical":"https:\/\/www.escofetasociados.com\/web\/asesoramiento-financiero\/","og_locale":"es_ES","og_type":"article","og_title":"Asesoramiento Financiero Completo - Escofet Asociados","og_description":"Ofrecemos un Asesoramiento Financiero completo tanto en el \u00e1mbito de tesorer\u00eda como en el financiero. Tanto en el diagn\u00f3stico como en la valoraci\u00f3n.","og_url":"https:\/\/www.escofetasociados.com\/web\/asesoramiento-financiero\/","og_site_name":"Escofet Asociados","article_modified_time":"2020-04-18T18:36:15+00:00","og_image":[{"url":"https:\/\/www.escofetasociados.com\/web\/wp-content\/uploads\/2014\/01\/a2-199x300.png","type":"","width":"","height":""}],"twitter_card":"summary_large_image","twitter_misc":{"Tiempo de lectura":"1 minuto"},"schema":{"@context":"https:\/\/schema.org","@graph":[{"@type":"WebPage","@id":"https:\/\/www.escofetasociados.com\/web\/asesoramiento-financiero\/","url":"https:\/\/www.escofetasociados.com\/web\/asesoramiento-financiero\/","name":"Asesoramiento Financiero Completo - Escofet Asociados","isPartOf":{"@id":"https:\/\/www.escofetasociados.com\/web\/#website"},"primaryImageOfPage":{"@id":"https:\/\/www.escofetasociados.com\/web\/asesoramiento-financiero\/#primaryimage"},"image":{"@id":"https:\/\/www.escofetasociados.com\/web\/asesoramiento-financiero\/#primaryimage"},"thumbnailUrl":"https:\/\/www.escofetasociados.com\/web\/wp-content\/uploads\/2014\/01\/a2-199x300.png","datePublished":"2013-11-01T08:34:38+00:00","dateModified":"2020-04-18T18:36:15+00:00","description":"Ofrecemos un Asesoramiento Financiero completo tanto en el \u00e1mbito de tesorer\u00eda como en el financiero. Tanto en el diagn\u00f3stico como en la valoraci\u00f3n.","breadcrumb":{"@id":"https:\/\/www.escofetasociados.com\/web\/asesoramiento-financiero\/#breadcrumb"},"inLanguage":"es","potentialAction":[{"@type":"ReadAction","target":["https:\/\/www.escofetasociados.com\/web\/asesoramiento-financiero\/"]}]},{"@type":"ImageObject","inLanguage":"es","@id":"https:\/\/www.escofetasociados.com\/web\/asesoramiento-financiero\/#primaryimage","url":"https:\/\/i0.wp.com\/www.escofetasociados.com\/web\/wp-content\/uploads\/2014\/01\/a2.png?fit=200%2C301&ssl=1","contentUrl":"https:\/\/i0.wp.com\/www.escofetasociados.com\/web\/wp-content\/uploads\/2014\/01\/a2.png?fit=200%2C301&ssl=1","width":200,"height":301},{"@type":"BreadcrumbList","@id":"https:\/\/www.escofetasociados.com\/web\/asesoramiento-financiero\/#breadcrumb","itemListElement":[{"@type":"ListItem","position":1,"name":"Portada","item":"https:\/\/www.escofetasociados.com\/web\/"},{"@type":"ListItem","position":2,"name":"Asesoramiento FinancieroFinancial Advice"}]},{"@type":"WebSite","@id":"https:\/\/www.escofetasociados.com\/web\/#website","url":"https:\/\/www.escofetasociados.com\/web\/","name":"Escofet Asociados","description":"+asociados","publisher":{"@id":"https:\/\/www.escofetasociados.com\/web\/#organization"},"potentialAction":[{"@type":"SearchAction","target":{"@type":"EntryPoint","urlTemplate":"https:\/\/www.escofetasociados.com\/web\/?s={search_term_string}"},"query-input":{"@type":"PropertyValueSpecification","valueRequired":true,"valueName":"search_term_string"}}],"inLanguage":"es"},{"@type":"Organization","@id":"https:\/\/www.escofetasociados.com\/web\/#organization","name":"Escofet Asociados","url":"https:\/\/www.escofetasociados.com\/web\/","logo":{"@type":"ImageObject","inLanguage":"es","@id":"https:\/\/www.escofetasociados.com\/web\/#\/schema\/logo\/image\/","url":"https:\/\/i0.wp.com\/www.escofetasociados.com\/web\/wp-content\/uploads\/2013\/10\/logop1.jpg?fit=100%2C170&ssl=1","contentUrl":"https:\/\/i0.wp.com\/www.escofetasociados.com\/web\/wp-content\/uploads\/2013\/10\/logop1.jpg?fit=100%2C170&ssl=1","width":100,"height":170,"caption":"Escofet Asociados"},"image":{"@id":"https:\/\/www.escofetasociados.com\/web\/#\/schema\/logo\/image\/"}}]}},"jetpack_sharing_enabled":true,"_links":{"self":[{"href":"https:\/\/www.escofetasociados.com\/web\/wp-json\/wp\/v2\/pages\/105","targetHints":{"allow":["GET"]}}],"collection":[{"href":"https:\/\/www.escofetasociados.com\/web\/wp-json\/wp\/v2\/pages"}],"about":[{"href":"https:\/\/www.escofetasociados.com\/web\/wp-json\/wp\/v2\/types\/page"}],"author":[{"embeddable":true,"href":"https:\/\/www.escofetasociados.com\/web\/wp-json\/wp\/v2\/users\/2"}],"replies":[{"embeddable":true,"href":"https:\/\/www.escofetasociados.com\/web\/wp-json\/wp\/v2\/comments?post=105"}],"version-history":[{"count":12,"href":"https:\/\/www.escofetasociados.com\/web\/wp-json\/wp\/v2\/pages\/105\/revisions"}],"predecessor-version":[{"id":437,"href":"https:\/\/www.escofetasociados.com\/web\/wp-json\/wp\/v2\/pages\/105\/revisions\/437"}],"wp:attachment":[{"href":"https:\/\/www.escofetasociados.com\/web\/wp-json\/wp\/v2\/media?parent=105"}],"curies":[{"name":"wp","href":"https:\/\/api.w.org\/{rel}","templated":true}]}}