{"id":109,"date":"2013-11-01T09:36:25","date_gmt":"2013-11-01T08:36:25","guid":{"rendered":"https:\/\/escofetasociados.com\/web\/?page_id=109"},"modified":"2020-04-18T20:31:20","modified_gmt":"2020-04-18T18:31:20","slug":"consultoria-laboral","status":"publish","type":"page","link":"https:\/\/www.escofetasociados.com\/web\/consultoria-laboral\/","title":{"rendered":"<!--:es-->Consultor\u00eda laboral<!--:--><!--:en-->Labour Consultancy<!--:-->"},"content":{"rendered":"\n<p>[:es]Nuestra Consultor\u00eda Laboral es muy amplia, desde la gesti\u00f3n de n\u00f3minas y la elaboraci\u00f3n de contratos, hasta un completo outsourcing de la gesti\u00f3n.<\/p>\n\n\n\n<p>[:en]Our Labor Consulting is very broad, from payroll management and contract preparation to complete management outsourcing.<\/p>\n\n\n<p><!--:en--><\/p>\n<table>\n<tbody>\n<tr>\n<td>\u00a0<a href=\"https:\/\/i0.wp.com\/escofetasociados.com\/web\/2014\/01\/a6.png?ssl=1\"><img data-recalc-dims=\"1\" loading=\"lazy\" decoding=\"async\" class=\"alignnone wp-image-155 size-medium\" src=\"https:\/\/i0.wp.com\/www.escofetasociados.com\/web\/wp-content\/uploads\/2014\/01\/a6.png?resize=199%2C300&#038;ssl=1\" alt=\"Labour Consultancy\" width=\"199\" height=\"300\" srcset=\"https:\/\/i0.wp.com\/www.escofetasociados.com\/web\/wp-content\/uploads\/2014\/01\/a6.png?resize=199%2C300&amp;ssl=1 199w, https:\/\/i0.wp.com\/www.escofetasociados.com\/web\/wp-content\/uploads\/2014\/01\/a6.png?w=200&amp;ssl=1 200w\" sizes=\"auto, (max-width: 199px) 100vw, 199px\" \/><\/a><\/td>\n<td width=\"20\">\u00a0<\/td>\n<td>\n<ul>\n<li><span style=\"color: #000000; font-family: Verdana;\">Preparation of payrolls.<\/span><\/li>\n<li><span style=\"color: #000000; font-family: Verdana;\">Drawing up employment agreements and renewals tailored to job profiles.<\/span><\/li>\n<li><span style=\"color: #000000; font-family: Verdana;\">Employment advice in recruitment and personnel management.<\/span><\/li>\n<li><span style=\"color: #000000; font-family: Verdana;\">All kinds of labour procedures (registration, deregistration, accident reports, etc.).<\/span><\/li>\n<li><span style=\"color: #000000; font-family: Verdana;\">Attendance at\u00a0 conciliation hearings and employment inspections.<\/span><\/li>\n<li><span style=\"color: #000000; font-family: Verdana;\">Personnel management outsourcing.<\/span><\/li>\n<\/ul>\n<\/td>\n<\/tr>\n<\/tbody>\n<\/table>\n<p><!--:--><!--:es--><\/p>\n<table>\n<tbody>\n<tr>\n<td>\u00a0<a href=\"https:\/\/escofetasociados.com\/web\/2014\/01\/a6.png\"><img loading=\"lazy\" decoding=\"async\" class=\"alignnone wp-image-155 size-medium\" src=\"\/wp-content\/uploads\/2014\/01\/a6-199x300.png\" alt=\"Consultor\u00eda laboral\" width=\"199\" height=\"300\" srcset=\"https:\/\/i0.wp.com\/www.escofetasociados.com\/web\/wp-content\/uploads\/2014\/01\/a6.png?resize=199%2C300&amp;ssl=1 199w, https:\/\/i0.wp.com\/www.escofetasociados.com\/web\/wp-content\/uploads\/2014\/01\/a6.png?w=200&amp;ssl=1 200w\" sizes=\"auto, (max-width: 199px) 100vw, 199px\" \/><\/a><\/td>\n<td width=\"20\">\u00a0<\/td>\n<td>\n<ul>\n<li>Confecci\u00f3n de n\u00f3minas<\/li>\n<li>Elaboraci\u00f3n de contratos de trabajo y de pr\u00f3rrogas, adaptados a los perfiles de los puestos de trabajo.<\/li>\n<li>Asesoramiento laboral en la contrataci\u00f3n y gesti\u00f3n de personal.<\/li>\n<li>Tr\u00e1mites laborales de todo tipo (altas, bajas, partes de accidentes, etc.).<\/li>\n<li>Asistencia en actos de conciliaci\u00f3n e inspecciones de trabajo.<\/li>\n<li>Outsourcing en la gesti\u00f3n de personal.<\/li>\n<\/ul>\n<\/td>\n<\/tr>\n<\/tbody>\n<\/table>\n<p><!--:--><\/p>","protected":false},"excerpt":{"rendered":"<p>[:es]Nuestra Consultor\u00eda Laboral es muy amplia, desde la gesti\u00f3n de n\u00f3minas y la elaboraci\u00f3n de contratos, hasta un completo outsourcing de la gesti\u00f3n. [:en]Our Labor Consulting is very broad, from payroll management and contract preparation to complete management outsourcing. \u00a0 \u00a0 Preparation of payrolls. Drawing up employment agreements and renewals tailored to job profiles. Employment [&hellip;]<\/p>\n","protected":false},"author":2,"featured_media":0,"parent":0,"menu_order":0,"comment_status":"closed","ping_status":"closed","template":"","meta":{"footnotes":""},"class_list":["post-109","page","type-page","status-publish","hentry"],"yoast_head":"<!-- This site is optimized with the Yoast SEO plugin v27.5 - https:\/\/yoast.com\/product\/yoast-seo-wordpress\/ -->\n<title>Consultor\u00eda laboral muy amplia - Escofet Asociados<\/title>\n<meta name=\"description\" content=\"Nuestra Consultor\u00eda Laboral es muy amplia, desde la gesti\u00f3n de n\u00f3minas y la elaboraci\u00f3n de contratos, hasta un completo outsourcing de la gesti\u00f3n.\" \/>\n<meta name=\"robots\" content=\"index, follow, max-snippet:-1, max-image-preview:large, max-video-preview:-1\" \/>\n<link rel=\"canonical\" href=\"https:\/\/www.escofetasociados.com\/web\/consultoria-laboral\/\" \/>\n<meta property=\"og:locale\" content=\"es_ES\" \/>\n<meta property=\"og:type\" content=\"article\" \/>\n<meta property=\"og:title\" content=\"Consultor\u00eda laboral muy amplia - Escofet Asociados\" \/>\n<meta property=\"og:description\" content=\"Nuestra Consultor\u00eda Laboral es muy amplia, desde la gesti\u00f3n de n\u00f3minas y la elaboraci\u00f3n de contratos, hasta un completo outsourcing de la gesti\u00f3n.\" \/>\n<meta property=\"og:url\" content=\"https:\/\/www.escofetasociados.com\/web\/consultoria-laboral\/\" \/>\n<meta property=\"og:site_name\" content=\"Escofet Asociados\" \/>\n<meta property=\"article:modified_time\" content=\"2020-04-18T18:31:20+00:00\" \/>\n<meta property=\"og:image\" content=\"https:\/\/www.escofetasociados.com\/web\/wp-content\/uploads\/2014\/01\/a6-199x300.png\" \/>\n<meta name=\"twitter:card\" content=\"summary_large_image\" \/>\n<meta name=\"twitter:label1\" content=\"Tiempo de lectura\" \/>\n\t<meta name=\"twitter:data1\" content=\"1 minuto\" \/>\n<script type=\"application\/ld+json\" class=\"yoast-schema-graph\">{\"@context\":\"https:\\\/\\\/schema.org\",\"@graph\":[{\"@type\":\"WebPage\",\"@id\":\"https:\\\/\\\/www.escofetasociados.com\\\/web\\\/consultoria-laboral\\\/\",\"url\":\"https:\\\/\\\/www.escofetasociados.com\\\/web\\\/consultoria-laboral\\\/\",\"name\":\"Consultor\u00eda laboral muy amplia - Escofet Asociados\",\"isPartOf\":{\"@id\":\"https:\\\/\\\/www.escofetasociados.com\\\/web\\\/#website\"},\"primaryImageOfPage\":{\"@id\":\"https:\\\/\\\/www.escofetasociados.com\\\/web\\\/consultoria-laboral\\\/#primaryimage\"},\"image\":{\"@id\":\"https:\\\/\\\/www.escofetasociados.com\\\/web\\\/consultoria-laboral\\\/#primaryimage\"},\"thumbnailUrl\":\"https:\\\/\\\/www.escofetasociados.com\\\/web\\\/wp-content\\\/uploads\\\/2014\\\/01\\\/a6-199x300.png\",\"datePublished\":\"2013-11-01T08:36:25+00:00\",\"dateModified\":\"2020-04-18T18:31:20+00:00\",\"description\":\"Nuestra Consultor\u00eda Laboral es muy amplia, desde la gesti\u00f3n de n\u00f3minas y la elaboraci\u00f3n de contratos, hasta un completo outsourcing de la gesti\u00f3n.\",\"breadcrumb\":{\"@id\":\"https:\\\/\\\/www.escofetasociados.com\\\/web\\\/consultoria-laboral\\\/#breadcrumb\"},\"inLanguage\":\"es\",\"potentialAction\":[{\"@type\":\"ReadAction\",\"target\":[\"https:\\\/\\\/www.escofetasociados.com\\\/web\\\/consultoria-laboral\\\/\"]}]},{\"@type\":\"ImageObject\",\"inLanguage\":\"es\",\"@id\":\"https:\\\/\\\/www.escofetasociados.com\\\/web\\\/consultoria-laboral\\\/#primaryimage\",\"url\":\"https:\\\/\\\/i0.wp.com\\\/www.escofetasociados.com\\\/web\\\/wp-content\\\/uploads\\\/2014\\\/01\\\/a6.png?fit=200%2C301&ssl=1\",\"contentUrl\":\"https:\\\/\\\/i0.wp.com\\\/www.escofetasociados.com\\\/web\\\/wp-content\\\/uploads\\\/2014\\\/01\\\/a6.png?fit=200%2C301&ssl=1\",\"width\":200,\"height\":301},{\"@type\":\"BreadcrumbList\",\"@id\":\"https:\\\/\\\/www.escofetasociados.com\\\/web\\\/consultoria-laboral\\\/#breadcrumb\",\"itemListElement\":[{\"@type\":\"ListItem\",\"position\":1,\"name\":\"Portada\",\"item\":\"https:\\\/\\\/www.escofetasociados.com\\\/web\\\/\"},{\"@type\":\"ListItem\",\"position\":2,\"name\":\"Consultor\u00eda laboralLabour Consultancy\"}]},{\"@type\":\"WebSite\",\"@id\":\"https:\\\/\\\/www.escofetasociados.com\\\/web\\\/#website\",\"url\":\"https:\\\/\\\/www.escofetasociados.com\\\/web\\\/\",\"name\":\"Escofet Asociados\",\"description\":\"+asociados\",\"publisher\":{\"@id\":\"https:\\\/\\\/www.escofetasociados.com\\\/web\\\/#organization\"},\"potentialAction\":[{\"@type\":\"SearchAction\",\"target\":{\"@type\":\"EntryPoint\",\"urlTemplate\":\"https:\\\/\\\/www.escofetasociados.com\\\/web\\\/?s={search_term_string}\"},\"query-input\":{\"@type\":\"PropertyValueSpecification\",\"valueRequired\":true,\"valueName\":\"search_term_string\"}}],\"inLanguage\":\"es\"},{\"@type\":\"Organization\",\"@id\":\"https:\\\/\\\/www.escofetasociados.com\\\/web\\\/#organization\",\"name\":\"Escofet Asociados\",\"url\":\"https:\\\/\\\/www.escofetasociados.com\\\/web\\\/\",\"logo\":{\"@type\":\"ImageObject\",\"inLanguage\":\"es\",\"@id\":\"https:\\\/\\\/www.escofetasociados.com\\\/web\\\/#\\\/schema\\\/logo\\\/image\\\/\",\"url\":\"https:\\\/\\\/i0.wp.com\\\/www.escofetasociados.com\\\/web\\\/wp-content\\\/uploads\\\/2013\\\/10\\\/logop1.jpg?fit=100%2C170&ssl=1\",\"contentUrl\":\"https:\\\/\\\/i0.wp.com\\\/www.escofetasociados.com\\\/web\\\/wp-content\\\/uploads\\\/2013\\\/10\\\/logop1.jpg?fit=100%2C170&ssl=1\",\"width\":100,\"height\":170,\"caption\":\"Escofet Asociados\"},\"image\":{\"@id\":\"https:\\\/\\\/www.escofetasociados.com\\\/web\\\/#\\\/schema\\\/logo\\\/image\\\/\"}}]}<\/script>\n<!-- \/ Yoast SEO plugin. -->","yoast_head_json":{"title":"Consultor\u00eda laboral muy amplia - Escofet Asociados","description":"Nuestra Consultor\u00eda Laboral es muy amplia, desde la gesti\u00f3n de n\u00f3minas y la elaboraci\u00f3n de contratos, hasta un completo outsourcing de la gesti\u00f3n.","robots":{"index":"index","follow":"follow","max-snippet":"max-snippet:-1","max-image-preview":"max-image-preview:large","max-video-preview":"max-video-preview:-1"},"canonical":"https:\/\/www.escofetasociados.com\/web\/consultoria-laboral\/","og_locale":"es_ES","og_type":"article","og_title":"Consultor\u00eda laboral muy amplia - Escofet Asociados","og_description":"Nuestra Consultor\u00eda Laboral es muy amplia, desde la gesti\u00f3n de n\u00f3minas y la elaboraci\u00f3n de contratos, hasta un completo outsourcing de la gesti\u00f3n.","og_url":"https:\/\/www.escofetasociados.com\/web\/consultoria-laboral\/","og_site_name":"Escofet Asociados","article_modified_time":"2020-04-18T18:31:20+00:00","og_image":[{"url":"https:\/\/www.escofetasociados.com\/web\/wp-content\/uploads\/2014\/01\/a6-199x300.png","type":"","width":"","height":""}],"twitter_card":"summary_large_image","twitter_misc":{"Tiempo de lectura":"1 minuto"},"schema":{"@context":"https:\/\/schema.org","@graph":[{"@type":"WebPage","@id":"https:\/\/www.escofetasociados.com\/web\/consultoria-laboral\/","url":"https:\/\/www.escofetasociados.com\/web\/consultoria-laboral\/","name":"Consultor\u00eda laboral muy amplia - Escofet Asociados","isPartOf":{"@id":"https:\/\/www.escofetasociados.com\/web\/#website"},"primaryImageOfPage":{"@id":"https:\/\/www.escofetasociados.com\/web\/consultoria-laboral\/#primaryimage"},"image":{"@id":"https:\/\/www.escofetasociados.com\/web\/consultoria-laboral\/#primaryimage"},"thumbnailUrl":"https:\/\/www.escofetasociados.com\/web\/wp-content\/uploads\/2014\/01\/a6-199x300.png","datePublished":"2013-11-01T08:36:25+00:00","dateModified":"2020-04-18T18:31:20+00:00","description":"Nuestra Consultor\u00eda Laboral es muy amplia, desde la gesti\u00f3n de n\u00f3minas y la elaboraci\u00f3n de contratos, hasta un completo outsourcing de la gesti\u00f3n.","breadcrumb":{"@id":"https:\/\/www.escofetasociados.com\/web\/consultoria-laboral\/#breadcrumb"},"inLanguage":"es","potentialAction":[{"@type":"ReadAction","target":["https:\/\/www.escofetasociados.com\/web\/consultoria-laboral\/"]}]},{"@type":"ImageObject","inLanguage":"es","@id":"https:\/\/www.escofetasociados.com\/web\/consultoria-laboral\/#primaryimage","url":"https:\/\/i0.wp.com\/www.escofetasociados.com\/web\/wp-content\/uploads\/2014\/01\/a6.png?fit=200%2C301&ssl=1","contentUrl":"https:\/\/i0.wp.com\/www.escofetasociados.com\/web\/wp-content\/uploads\/2014\/01\/a6.png?fit=200%2C301&ssl=1","width":200,"height":301},{"@type":"BreadcrumbList","@id":"https:\/\/www.escofetasociados.com\/web\/consultoria-laboral\/#breadcrumb","itemListElement":[{"@type":"ListItem","position":1,"name":"Portada","item":"https:\/\/www.escofetasociados.com\/web\/"},{"@type":"ListItem","position":2,"name":"Consultor\u00eda laboralLabour Consultancy"}]},{"@type":"WebSite","@id":"https:\/\/www.escofetasociados.com\/web\/#website","url":"https:\/\/www.escofetasociados.com\/web\/","name":"Escofet Asociados","description":"+asociados","publisher":{"@id":"https:\/\/www.escofetasociados.com\/web\/#organization"},"potentialAction":[{"@type":"SearchAction","target":{"@type":"EntryPoint","urlTemplate":"https:\/\/www.escofetasociados.com\/web\/?s={search_term_string}"},"query-input":{"@type":"PropertyValueSpecification","valueRequired":true,"valueName":"search_term_string"}}],"inLanguage":"es"},{"@type":"Organization","@id":"https:\/\/www.escofetasociados.com\/web\/#organization","name":"Escofet Asociados","url":"https:\/\/www.escofetasociados.com\/web\/","logo":{"@type":"ImageObject","inLanguage":"es","@id":"https:\/\/www.escofetasociados.com\/web\/#\/schema\/logo\/image\/","url":"https:\/\/i0.wp.com\/www.escofetasociados.com\/web\/wp-content\/uploads\/2013\/10\/logop1.jpg?fit=100%2C170&ssl=1","contentUrl":"https:\/\/i0.wp.com\/www.escofetasociados.com\/web\/wp-content\/uploads\/2013\/10\/logop1.jpg?fit=100%2C170&ssl=1","width":100,"height":170,"caption":"Escofet Asociados"},"image":{"@id":"https:\/\/www.escofetasociados.com\/web\/#\/schema\/logo\/image\/"}}]}},"jetpack_sharing_enabled":true,"_links":{"self":[{"href":"https:\/\/www.escofetasociados.com\/web\/wp-json\/wp\/v2\/pages\/109","targetHints":{"allow":["GET"]}}],"collection":[{"href":"https:\/\/www.escofetasociados.com\/web\/wp-json\/wp\/v2\/pages"}],"about":[{"href":"https:\/\/www.escofetasociados.com\/web\/wp-json\/wp\/v2\/types\/page"}],"author":[{"embeddable":true,"href":"https:\/\/www.escofetasociados.com\/web\/wp-json\/wp\/v2\/users\/2"}],"replies":[{"embeddable":true,"href":"https:\/\/www.escofetasociados.com\/web\/wp-json\/wp\/v2\/comments?post=109"}],"version-history":[{"count":6,"href":"https:\/\/www.escofetasociados.com\/web\/wp-json\/wp\/v2\/pages\/109\/revisions"}],"predecessor-version":[{"id":435,"href":"https:\/\/www.escofetasociados.com\/web\/wp-json\/wp\/v2\/pages\/109\/revisions\/435"}],"wp:attachment":[{"href":"https:\/\/www.escofetasociados.com\/web\/wp-json\/wp\/v2\/media?parent=109"}],"curies":[{"name":"wp","href":"https:\/\/api.w.org\/{rel}","templated":true}]}}