{"id":262,"date":"2020-03-29T11:09:40","date_gmt":"2020-03-29T09:09:40","guid":{"rendered":"https:\/\/www.escofetasociados.com\/web\/?page_id=262"},"modified":"2020-04-18T18:29:31","modified_gmt":"2020-04-18T16:29:31","slug":"politica-de-cookies","status":"publish","type":"page","link":"https:\/\/www.escofetasociados.com\/web\/politica-de-cookies\/","title":{"rendered":"[:es]Pol\u00edtica de cookies[:en]Cookies Policy"},"content":{"rendered":"\n<p>[:es]En cumplimiento con el deber de informaci\u00f3n recogido en el apartado 2\u00ba del art\u00edculo 22 de la Ley 34\/2002, de 11 de Julio, de Servicios de la Sociedad de la Informaci\u00f3n y del Comercio Electr\u00f3nico, la presente pol\u00edtica de cookies tiene por finalidad informarle de manera clara y precisa sobre las cookies que se utilizan en la p\u00e1gina web de ESCOFET CONSULTING SLP.<\/p>\n\n\n\n<p><strong>\u00bfQu\u00e9 son las cookies?<\/strong><\/p>\n\n\n\n<p>Una cookie es un fichero de\npeque\u00f1o tama\u00f1o que los sitios web env\u00edan al navegador y se descargan en su\nordenador. Las cookies permiten que la p\u00e1gina web almacene y recupere la\ninformaci\u00f3n sobre su visita, como su idioma preferido y otras opciones, con el\nfin de mejorar los servicios que se ofrecen y contribuir a tener una mejor\nexperiencia de navegaci\u00f3n para el usuario.<\/p>\n\n\n\n<p><strong>Autorizaci\u00f3n para el uso de\ncookies<\/strong><\/p>\n\n\n\n<p>De conformidad con el aviso de\ncookies que aparece en el sitio web, el usuario acepta que, al navegar por el\nmismo, consiente expresamente el uso de cookies seg\u00fan la descripci\u00f3n que a\ncontinuaci\u00f3n se detalla, sin perjuicio que el usuario pueda modificar la\nconfiguraci\u00f3n de su navegador para rechazar el uso de las cookies.<\/p>\n\n\n\n<p><strong>Tipos de cookies<\/strong><\/p>\n\n\n\n<p>En funci\u00f3n de qui\u00e9n gestione el\ndominio desde donde se env\u00edan las cookies y se traten los datos, se distinguir\u00e1\nentre cookies propias y cookies de terceros.<\/p>\n\n\n\n<p>Las cookies tambi\u00e9n pueden\nclasificarse seg\u00fan el plazo de tiempo que permanezcan almacenadas en el\nnavegador del usuario, distingui\u00e9ndose entre cookies de sesi\u00f3n o cookies\npersistentes.<\/p>\n\n\n\n<p>Finalmente, en funci\u00f3n de la\nfinalidad para la que se trate la informaci\u00f3n recopilada, las cookies se pueden\nclasificar en las siguientes categor\u00edas:<\/p>\n\n\n\n<ul class=\"wp-block-list\"><li>Cookies\nt\u00e9cnicas: permiten al usuario navegar por un sitio web y utilizar algunos de\nlos servicios ofrecidos por el mismo (como, por ejemplo, las que sirven para\nrecordar los elementos integrantes de un carrito de compra).<\/li><li>Cookies\nde personalizaci\u00f3n: permiten que el usuario acceda al sitio web con unas\ncaracter\u00edsticas determinadas, como puede ser el idioma.<\/li><li>Cookies de seguridad: sirven para\nimpedir o dificultar los ataques contra el sitio web.<\/li><li>&nbsp;<\/li><li>Cookies\nde complemento para intercambiar contenidos sociales: los llamados plug-in, que\npermiten compartir contenidos en redes sociales.<\/li><li>Cookies de an\u00e1lisis: permiten al\nresponsable el seguimiento del comportamiento del usuario.<\/li><li>Cookies publicitarias: permiten\ngestionar los espacios de publicidad del sitio web.<\/li><li>Cookies\nde publicidad comportamental: como las anteriores, sirven para gestionar los\nespacios de publicidad del sitio web en funci\u00f3n de la informaci\u00f3n recogida\nsobre el comportamiento del usuario y sus h\u00e1bitos, adaptando la publicidad al\nperfil del usuario.<\/li><li>Cookies de geolocalizaci\u00f3n:\nutilizadas para averiguar el pa\u00eds d\u00f3nde se encuentra el usuario.<\/li><\/ul>\n\n\n\n<p><strong>C\u00f3mo modificar la configuraci\u00f3n de\nlas cookies<\/strong><\/p>\n\n\n\n<p>Usted puede restringir, bloquear o\nborrar las cookies de ESCOFET CONSULTING SLP&nbsp; o cualquier otra p\u00e1gina web utilizando su\nnavegador. En cada navegador la operativa es diferente, puede encontrar c\u00f3mo\nhacerlo en el men\u00fa de ayuda de su navegador d\u00f3nde se establece el procedimiento\npara su eliminaci\u00f3n. Para m\u00e1s informaci\u00f3n:<\/p>\n\n\n\n<ul class=\"wp-block-list\"><li>Google Chrome: <a href=\"https:\/\/support.google.com\/chrome\/answer\/95647?co=GENIE.Platform%3DDesktop&amp;hl=es\">https:\/\/support.google.com\/chrome\/answer\/95647?co=GENIE.Platform%3DDesktop&amp;hl=es<\/a><\/li><\/ul>\n\n\n\n<ul class=\"wp-block-list\"><li>Mozilla Firefox: <a href=\"https:\/\/support.mozilla.org\/es\/kb\/habilitar-y-deshabilitar-cookies-sitios-web-rastrear-preferencias\">https:\/\/support.mozilla.org\/es\/kb\/habilitar-y-deshabilitar-cookies-sitios-web-rastrear-preferencias<\/a><\/li><\/ul>\n\n\n\n<ul class=\"wp-block-list\"><li>Safari: <a href=\"https:\/\/support.apple.com\/es-es\/guide\/safari\/sfri11471\/mac\">https:\/\/support.apple.com\/es-es\/guide\/safari\/sfri11471\/mac<\/a><\/li><\/ul>\n\n\n\n<ul class=\"wp-block-list\"><li>Internet Explorer: <a href=\"https:\/\/support.microsoft.com\/es-es\/help\/278835\/how-to-delete-cookie-files-in-internet-explorer\">https:\/\/support.microsoft.com\/es-es\/help\/278835\/how-to-delete-cookie-files-in-internet-explorer<\/a><\/li><\/ul>\n\n\n\n<p>Es posible que al deshabilitar las cookies la p\u00e1gina web no\nfuncione correctamente o no pueda acceder a determinadas funciones de la misma.<\/p>\n\n\n\n<p><strong>Cookies utilizadas en la web<\/strong><\/p>\n\n\n\n<p>En\nel portal web se utilizan diferentes tipos de cookies con distintas\nfinalidades, a continuaci\u00f3n, se enumeran las cookies empleadas:<\/p>\n\n\n\n<p><em>PHPSESSID<\/em> de tipo sesi\u00f3n: Esta cookie es usado por el lenguaje de encriptado PHP para permitir que las variables de sesi\u00f3n sean guardadas en el servidor web. Esta cookies es esencial para el funcionamiento de la web.<\/p>\n\n\n\n<p><em>lenguage<\/em> de tipo sesi\u00f3n: Este cookie le permite a wordpress saber el idioma que has seleccionado , mientras permaneces en nuestra p\u00e1gina. Esta variable de sesi\u00f3n se guarda en el servidor web.<\/p>\n\n\n\n<p>qtrans_cookie_test de tipo sesi\u00f3n: Este cookie le permite al pluguin qtranslate organizar el contenido seg\u00fan el idioma seleccionado. Esta variable de sesi\u00f3n se guarda en el servidor web.<\/p>\n\n\n\n<p><em>wordpress_test_cookie<\/em> de tipo sesi\u00f3n: Comprueba si las cookies est\u00e1n habilitadas para proporcionar una experiencia de usuario adecuada. Esta variable de sesi\u00f3n se guarda en el servidor web. Esta cookies es esencial para el funcionamiento de la web.<\/p>\n\n\n\n<p><em>tk_tc<\/em> de tipo sesi\u00f3n: se utilizan para analizar el comportamiento de referencia porqu\u00e9 este est\u00e1 conectados de Jetpack.<\/p>\n\n\n\n<p><em>wordpress_logged_in*<\/em> de tipo sesi\u00f3n: Comprueba si el visitante actual es un usuario registrado de WordPress.com. Esta variable de sesi\u00f3n se guarda en el servidor web.<\/p>\n\n\n\n<p><em>wp-settings-{user_id}<\/em> de tipo sesi\u00f3n: Mantiene la configuraci\u00f3n wp-admin de un usuario validado. Esta variable de sesi\u00f3n se guarda en el servidor web.<\/p>\n\n\n\n<p><strong>Modificaci\u00f3n de las condiciones<\/strong><\/p>\n\n\n\n<p>ESCOFET CONSULTING SLP se reserva expresamente el derecho a modificar unilateralmente, total o parcialmente, sin necesidad de previo aviso, la presente Pol\u00edtica de Cookies. El usuario reconoce y acepta que es su responsabilidad revisar la presente Pol\u00edtica de Cookies.<\/p>\n\n\n\n<p>[:es][:en]<\/p>\n\n\n\n<p>The purpose of this cookie policy is to clearly inform you about the cookies used on the website of ESCOFET CONSULTING SLP.<\/p>\n\n\n\n<p><strong>What are cookies?<\/strong><\/p>\n\n\n\n<p>A cookie is a small file that websites send to your browser and download to your computer. Cookies allow the website to store and retrieve information about your visit, such as your preferred language and other options, to improve the services offered and to contribute to a better surfing experience for the user.<\/p>\n\n\n\n<p><strong>Authorization to use cookies<\/strong><\/p>\n\n\n\n<p>In accordance with the reference to cookies that appears on the site, the user accepts that by visiting the site he\/she expressly consents to the use of cookies as described below, regardless of the fact that the user may change the configuration of his browser to refuse the use of cookies.<\/p>\n\n\n\n<p><strong>Types of cookies<\/strong><\/p>\n\n\n\n<p>Depending on who administers the domain from which the cookies are sent and the data processed, a distinction is made between their own and external cookies.<\/p>\n\n\n\n<p>Cookies can also be classified according to the duration of their storage in the user&#8217;s browser, where by a distinction is made between session cookies and persistent cookies.<\/p>\n\n\n\n<p>Finally, depending on the purpose for which the information collected is processed, cookies can be divided into the following categories:<\/p>\n\n\n\n<ul class=\"wp-block-list\"><li>Technical cookies: allow the user to navigate through a website and use some of the services it offers (such as those used to remember the elements of a shopping cart).<\/li><li>Personalization cookies: Allow the user to access the website with certain characteristics, such as language.<\/li><li>Security cookies: are used to prevent attacks on the website.<\/li><li>Complementary cookies for exchanging social content: so-called plug-ins that enable the sharing of content in social networks.<\/li><li>Analysis Cookies: Allow the responsible person to track the behavior of the user.<\/li><li>Advertising cookies: Allow you to manage the advertising space on the site.<\/li><li>Behavioral advertising cookies: Like the previous ones, they are used to manage the advertising space on the site according to the information collected about the user&#8217;s behavior and habits, and to tailor advertising to the user&#8217;s profile.<\/li><li>Geolocalization cookies: are used to find out the country where the user is located.<\/li><\/ul>\n\n\n\n<p><strong>To change cookie settings<\/strong><\/p>\n\n\n\n<p>You can restrict, block or delete cookies from SPA PRECONLAB SL or any other website via your browser. Each browser has its own operation, you will find the procedure in the help menu of your browser, where you specify the procedure for the removal. For further information:<\/p>\n\n\n\n<ul class=\"wp-block-list\"><li>Google Chrome: <a href=\"https:\/\/support.google.com\/chrome\/answer\/95647?co=GENIE.Platform%3DDesktop&amp;hl=en\">https:\/\/support.google.com\/chrome\/answer\/95647?co=GENIE.Platform%3DDesktop&amp;hl=en<\/a><\/li><\/ul>\n\n\n\n<ul class=\"wp-block-list\"><li>Mozilla Firefox: <a href=\"https:\/\/support.mozilla.org\/en-US\/kb\/enable-and-disable-cookies-website-preferences\">https:\/\/support.mozilla.org\/en-US\/kb\/enable-and-disable-cookies-website-preferences<\/a><\/li><\/ul>\n\n\n\n<ul class=\"wp-block-list\"><li>Safari: <a href=\"https:\/\/support.apple.com\/en-gb\/guide\/safari\/sfri11471\/mac\">https:\/\/support.apple.com\/en-gb\/guide\/safari\/sfri11471\/mac<\/a><\/li><\/ul>\n\n\n\n<ul class=\"wp-block-list\"><li>Internet Explorer: <a href=\"https:\/\/support.microsoft.com\/en-gb\/help\/278835\/how-to-delete-cookie-files-in-internet-explorer\">https:\/\/support.microsoft.com\/en-gb\/help\/278835\/how-to-delete-cookie-files-in-internet-explorer<\/a><\/li><\/ul>\n\n\n\n<p>It is possible that disabling cookies may not work properly or may not allow you to access certain features of the Site.<\/p>\n\n\n\n<p><strong>Cookies used on the Web<\/strong><\/p>\n\n\n\n<p>The web portal uses different types of cookies for different purposes, which are listed below:<\/p>\n\n\n\n<p>Session type PHPSESSID: This cookie is used by the PHP encryption language to allow session variables to be saved on the web server. These cookies are essential for the operation of the web.<br><br>session type language: This cookie allows wordpress to know the language you have selected, while you remain on our page. This session variable is saved on the web server.<\/p>\n\n\n\n<p>session type qtrans_cookie_test: This cookie allows the qtranslate plugin to organize the content according to the selected language. This session variable is saved on the web server.<br><br>session type wordpress_test_cookie: Checks if cookies are enabled to provide a proper user experience. This session variable is saved on the web server. These cookies are essential for the operation of the web.<br><br>session type tk_tc: they are used to analyze the reference behavior because it is connected from Jetpack.<br><br>session type wordpress_logged_in *: Check if the current visitor is a registered user of WordPress.com. This session variable is saved on the web server.<br><br>session type wp-settings- {user_id}: Maintains the wp-admin configuration of a validated user. This session variable is saved on the web server.<\/p>\n\n\n\n<p><strong>Modification of conditions<\/strong><\/p>\n\n\n\n<p>ESCOFET CONSULTING SLP&nbsp; expressly reserves the right to change this cookie policy unilaterally, in whole or in part, without prior notice. You acknowledge and agree that it is your responsibility to review this Cookie Policy<\/p>\n","protected":false},"excerpt":{"rendered":"<p>[:es]En cumplimiento con el deber de informaci\u00f3n recogido en el apartado 2\u00ba del art\u00edculo 22 de la Ley 34\/2002, de 11 de Julio, de Servicios de la Sociedad de la Informaci\u00f3n y del Comercio Electr\u00f3nico, la presente pol\u00edtica de cookies tiene por finalidad informarle de manera clara y precisa sobre las cookies que se utilizan [&hellip;]<\/p>\n","protected":false},"author":3,"featured_media":0,"parent":0,"menu_order":0,"comment_status":"closed","ping_status":"closed","template":"","meta":{"footnotes":""},"class_list":["post-262","page","type-page","status-publish","hentry"],"yoast_head":"<!-- This site is optimized with the Yoast SEO plugin v27.4 - https:\/\/yoast.com\/product\/yoast-seo-wordpress\/ -->\n<title>[:es]Pol\u00edtica de cookies[:en]Cookies Policy - Escofet Asociados<\/title>\n<meta name=\"robots\" content=\"index, follow, max-snippet:-1, max-image-preview:large, max-video-preview:-1\" \/>\n<link rel=\"canonical\" href=\"https:\/\/www.escofetasociados.com\/web\/politica-de-cookies\/\" \/>\n<meta property=\"og:locale\" content=\"es_ES\" \/>\n<meta property=\"og:type\" content=\"article\" \/>\n<meta property=\"og:title\" content=\"[:es]Pol\u00edtica de cookies[:en]Cookies Policy - Escofet Asociados\" \/>\n<meta property=\"og:description\" content=\"[:es]En cumplimiento con el deber de informaci\u00f3n recogido en el apartado 2\u00ba del art\u00edculo 22 de la Ley 34\/2002, de 11 de Julio, de Servicios de la Sociedad de la Informaci\u00f3n y del Comercio Electr\u00f3nico, la presente pol\u00edtica de cookies tiene por finalidad informarle de manera clara y precisa sobre las cookies que se utilizan [&hellip;]\" \/>\n<meta property=\"og:url\" content=\"https:\/\/www.escofetasociados.com\/web\/politica-de-cookies\/\" \/>\n<meta property=\"og:site_name\" content=\"Escofet Asociados\" \/>\n<meta property=\"article:modified_time\" content=\"2020-04-18T16:29:31+00:00\" \/>\n<meta name=\"twitter:card\" content=\"summary_large_image\" \/>\n<meta name=\"twitter:label1\" content=\"Tiempo de lectura\" \/>\n\t<meta name=\"twitter:data1\" content=\"8 minutos\" \/>\n<script type=\"application\/ld+json\" class=\"yoast-schema-graph\">{\"@context\":\"https:\\\/\\\/schema.org\",\"@graph\":[{\"@type\":\"WebPage\",\"@id\":\"https:\\\/\\\/www.escofetasociados.com\\\/web\\\/politica-de-cookies\\\/\",\"url\":\"https:\\\/\\\/www.escofetasociados.com\\\/web\\\/politica-de-cookies\\\/\",\"name\":\"[:es]Pol\u00edtica de cookies[:en]Cookies Policy - Escofet Asociados\",\"isPartOf\":{\"@id\":\"https:\\\/\\\/www.escofetasociados.com\\\/web\\\/#website\"},\"datePublished\":\"2020-03-29T09:09:40+00:00\",\"dateModified\":\"2020-04-18T16:29:31+00:00\",\"breadcrumb\":{\"@id\":\"https:\\\/\\\/www.escofetasociados.com\\\/web\\\/politica-de-cookies\\\/#breadcrumb\"},\"inLanguage\":\"es\",\"potentialAction\":[{\"@type\":\"ReadAction\",\"target\":[\"https:\\\/\\\/www.escofetasociados.com\\\/web\\\/politica-de-cookies\\\/\"]}]},{\"@type\":\"BreadcrumbList\",\"@id\":\"https:\\\/\\\/www.escofetasociados.com\\\/web\\\/politica-de-cookies\\\/#breadcrumb\",\"itemListElement\":[{\"@type\":\"ListItem\",\"position\":1,\"name\":\"Portada\",\"item\":\"https:\\\/\\\/www.escofetasociados.com\\\/web\\\/\"},{\"@type\":\"ListItem\",\"position\":2,\"name\":\"[:es]Pol\u00edtica de cookies[:en]Cookies Policy\"}]},{\"@type\":\"WebSite\",\"@id\":\"https:\\\/\\\/www.escofetasociados.com\\\/web\\\/#website\",\"url\":\"https:\\\/\\\/www.escofetasociados.com\\\/web\\\/\",\"name\":\"Escofet Asociados\",\"description\":\"+asociados\",\"publisher\":{\"@id\":\"https:\\\/\\\/www.escofetasociados.com\\\/web\\\/#organization\"},\"potentialAction\":[{\"@type\":\"SearchAction\",\"target\":{\"@type\":\"EntryPoint\",\"urlTemplate\":\"https:\\\/\\\/www.escofetasociados.com\\\/web\\\/?s={search_term_string}\"},\"query-input\":{\"@type\":\"PropertyValueSpecification\",\"valueRequired\":true,\"valueName\":\"search_term_string\"}}],\"inLanguage\":\"es\"},{\"@type\":\"Organization\",\"@id\":\"https:\\\/\\\/www.escofetasociados.com\\\/web\\\/#organization\",\"name\":\"Escofet Asociados\",\"url\":\"https:\\\/\\\/www.escofetasociados.com\\\/web\\\/\",\"logo\":{\"@type\":\"ImageObject\",\"inLanguage\":\"es\",\"@id\":\"https:\\\/\\\/www.escofetasociados.com\\\/web\\\/#\\\/schema\\\/logo\\\/image\\\/\",\"url\":\"https:\\\/\\\/i0.wp.com\\\/www.escofetasociados.com\\\/web\\\/wp-content\\\/uploads\\\/2013\\\/10\\\/logop1.jpg?fit=100%2C170&ssl=1\",\"contentUrl\":\"https:\\\/\\\/i0.wp.com\\\/www.escofetasociados.com\\\/web\\\/wp-content\\\/uploads\\\/2013\\\/10\\\/logop1.jpg?fit=100%2C170&ssl=1\",\"width\":100,\"height\":170,\"caption\":\"Escofet Asociados\"},\"image\":{\"@id\":\"https:\\\/\\\/www.escofetasociados.com\\\/web\\\/#\\\/schema\\\/logo\\\/image\\\/\"}}]}<\/script>\n<!-- \/ Yoast SEO plugin. -->","yoast_head_json":{"title":"[:es]Pol\u00edtica de cookies[:en]Cookies Policy - Escofet Asociados","robots":{"index":"index","follow":"follow","max-snippet":"max-snippet:-1","max-image-preview":"max-image-preview:large","max-video-preview":"max-video-preview:-1"},"canonical":"https:\/\/www.escofetasociados.com\/web\/politica-de-cookies\/","og_locale":"es_ES","og_type":"article","og_title":"[:es]Pol\u00edtica de cookies[:en]Cookies Policy - Escofet Asociados","og_description":"[:es]En cumplimiento con el deber de informaci\u00f3n recogido en el apartado 2\u00ba del art\u00edculo 22 de la Ley 34\/2002, de 11 de Julio, de Servicios de la Sociedad de la Informaci\u00f3n y del Comercio Electr\u00f3nico, la presente pol\u00edtica de cookies tiene por finalidad informarle de manera clara y precisa sobre las cookies que se utilizan [&hellip;]","og_url":"https:\/\/www.escofetasociados.com\/web\/politica-de-cookies\/","og_site_name":"Escofet Asociados","article_modified_time":"2020-04-18T16:29:31+00:00","twitter_card":"summary_large_image","twitter_misc":{"Tiempo de lectura":"8 minutos"},"schema":{"@context":"https:\/\/schema.org","@graph":[{"@type":"WebPage","@id":"https:\/\/www.escofetasociados.com\/web\/politica-de-cookies\/","url":"https:\/\/www.escofetasociados.com\/web\/politica-de-cookies\/","name":"[:es]Pol\u00edtica de cookies[:en]Cookies Policy - Escofet Asociados","isPartOf":{"@id":"https:\/\/www.escofetasociados.com\/web\/#website"},"datePublished":"2020-03-29T09:09:40+00:00","dateModified":"2020-04-18T16:29:31+00:00","breadcrumb":{"@id":"https:\/\/www.escofetasociados.com\/web\/politica-de-cookies\/#breadcrumb"},"inLanguage":"es","potentialAction":[{"@type":"ReadAction","target":["https:\/\/www.escofetasociados.com\/web\/politica-de-cookies\/"]}]},{"@type":"BreadcrumbList","@id":"https:\/\/www.escofetasociados.com\/web\/politica-de-cookies\/#breadcrumb","itemListElement":[{"@type":"ListItem","position":1,"name":"Portada","item":"https:\/\/www.escofetasociados.com\/web\/"},{"@type":"ListItem","position":2,"name":"[:es]Pol\u00edtica de cookies[:en]Cookies Policy"}]},{"@type":"WebSite","@id":"https:\/\/www.escofetasociados.com\/web\/#website","url":"https:\/\/www.escofetasociados.com\/web\/","name":"Escofet Asociados","description":"+asociados","publisher":{"@id":"https:\/\/www.escofetasociados.com\/web\/#organization"},"potentialAction":[{"@type":"SearchAction","target":{"@type":"EntryPoint","urlTemplate":"https:\/\/www.escofetasociados.com\/web\/?s={search_term_string}"},"query-input":{"@type":"PropertyValueSpecification","valueRequired":true,"valueName":"search_term_string"}}],"inLanguage":"es"},{"@type":"Organization","@id":"https:\/\/www.escofetasociados.com\/web\/#organization","name":"Escofet Asociados","url":"https:\/\/www.escofetasociados.com\/web\/","logo":{"@type":"ImageObject","inLanguage":"es","@id":"https:\/\/www.escofetasociados.com\/web\/#\/schema\/logo\/image\/","url":"https:\/\/i0.wp.com\/www.escofetasociados.com\/web\/wp-content\/uploads\/2013\/10\/logop1.jpg?fit=100%2C170&ssl=1","contentUrl":"https:\/\/i0.wp.com\/www.escofetasociados.com\/web\/wp-content\/uploads\/2013\/10\/logop1.jpg?fit=100%2C170&ssl=1","width":100,"height":170,"caption":"Escofet Asociados"},"image":{"@id":"https:\/\/www.escofetasociados.com\/web\/#\/schema\/logo\/image\/"}}]}},"jetpack_sharing_enabled":true,"_links":{"self":[{"href":"https:\/\/www.escofetasociados.com\/web\/wp-json\/wp\/v2\/pages\/262","targetHints":{"allow":["GET"]}}],"collection":[{"href":"https:\/\/www.escofetasociados.com\/web\/wp-json\/wp\/v2\/pages"}],"about":[{"href":"https:\/\/www.escofetasociados.com\/web\/wp-json\/wp\/v2\/types\/page"}],"author":[{"embeddable":true,"href":"https:\/\/www.escofetasociados.com\/web\/wp-json\/wp\/v2\/users\/3"}],"replies":[{"embeddable":true,"href":"https:\/\/www.escofetasociados.com\/web\/wp-json\/wp\/v2\/comments?post=262"}],"version-history":[{"count":12,"href":"https:\/\/www.escofetasociados.com\/web\/wp-json\/wp\/v2\/pages\/262\/revisions"}],"predecessor-version":[{"id":403,"href":"https:\/\/www.escofetasociados.com\/web\/wp-json\/wp\/v2\/pages\/262\/revisions\/403"}],"wp:attachment":[{"href":"https:\/\/www.escofetasociados.com\/web\/wp-json\/wp\/v2\/media?parent=262"}],"curies":[{"name":"wp","href":"https:\/\/api.w.org\/{rel}","templated":true}]}}