{"id":39,"date":"2013-09-09T09:38:30","date_gmt":"2013-09-09T08:38:30","guid":{"rendered":"https:\/\/escofetasociados.com\/web\/?page_id=39"},"modified":"2020-04-18T19:50:26","modified_gmt":"2020-04-18T17:50:26","slug":"auditoria-y-revision-de-cuentas","status":"publish","type":"page","link":"https:\/\/www.escofetasociados.com\/web\/auditoria-y-revision-de-cuentas\/","title":{"rendered":"<!--:es-->Auditor\u00eda y revisi\u00f3n de cuentas<!--:--><!--:en-->Account audit and review<!--:-->"},"content":{"rendered":"\n<p>[:es]Los servicios de Auditor\u00eda y revisi\u00f3n de cuentas son prestados a trav\u00e9s de una Firma asociada especializada en la auditor\u00eda de cuentas.<\/p>\n\n\n\n<p>[:en]The services of Audit and review of accounts are provided through an associated Firm specialized in the audit of accounts.<\/p>\n\n\n<p><!--:en--><\/p>\n<table>\n<tbody>\n<tr>\n<td><a href=\"https:\/\/escofetasociados.com\/web\/2014\/01\/a3.png\"><img loading=\"lazy\" decoding=\"async\" class=\"alignnone wp-image-152 size-medium\" src=\"\/wp-content\/uploads\/2014\/01\/a3-199x300.png\" alt=\"Account audit and review\" width=\"199\" height=\"300\" srcset=\"https:\/\/i0.wp.com\/www.escofetasociados.com\/web\/wp-content\/uploads\/2014\/01\/a3.png?resize=199%2C300&amp;ssl=1 199w, https:\/\/i0.wp.com\/www.escofetasociados.com\/web\/wp-content\/uploads\/2014\/01\/a3.png?w=200&amp;ssl=1 200w\" sizes=\"auto, (max-width: 199px) 100vw, 199px\" \/><\/a><\/td>\n<td width=\"20\">\u00a0<\/td>\n<td>\u00a0\n<ul>\n<li><span style=\"color: #000000; font-family: Verdana;\">Audit of annual accounts.<\/span><\/li>\n<li><span style=\"color: #000000; font-family: Verdana;\">Analysis of economic and financial information to produce reports.<\/span><\/li>\n<li><span style=\"color: #000000; font-family: Verdana;\">Limited review of financial statements.<\/span><\/li>\n<li><span style=\"color: #000000; font-family: Verdana;\">Review and audits for company acquisition or winding-up.<\/span><\/li>\n<li><span style=\"color: #000000; font-family: Verdana;\">Review of internal control systems.<\/span><\/li>\n<\/ul>\n<\/td>\n<\/tr>\n<\/tbody>\n<\/table>\n<p><!--:--><!--:es--><\/p>\n<table>\n<tbody>\n<tr>\n<td><a href=\"https:\/\/escofetasociados.com\/web\/2014\/01\/a3.png\"><img loading=\"lazy\" decoding=\"async\" class=\"alignnone wp-image-152 size-medium\" src=\"\/wp-content\/uploads\/2014\/01\/a3-199x300.png\" alt=\"Auditor\u00eda y revisi\u00f3n de cuentas\" width=\"199\" height=\"300\" srcset=\"https:\/\/i0.wp.com\/www.escofetasociados.com\/web\/wp-content\/uploads\/2014\/01\/a3.png?resize=199%2C300&amp;ssl=1 199w, https:\/\/i0.wp.com\/www.escofetasociados.com\/web\/wp-content\/uploads\/2014\/01\/a3.png?w=200&amp;ssl=1 200w\" sizes=\"auto, (max-width: 199px) 100vw, 199px\" \/><\/a><\/td>\n<td width=\"20\">\u00a0<\/td>\n<td>\n<ul>\n<li>Auditor\u00eda de cuentas anuales.<\/li>\n<li>An\u00e1lisis de la informaci\u00f3n econ\u00f3mico-financiera, con el objeto de emitir un informe sobre la misma.<\/li>\n<li>Revisiones limitadas de los estados financieros.<\/li>\n<li>Revisiones y auditor\u00edas con fines de adquisici\u00f3n o liquidaci\u00f3n de Compa\u00f1\u00edas.<\/li>\n<li>Revisi\u00f3n de sistemas de control interno.<\/li>\n<\/ul>\n<\/td>\n<\/tr>\n<\/tbody>\n<\/table>\n<p><!--:--><\/p>","protected":false},"excerpt":{"rendered":"<p>[:es]Los servicios de Auditor\u00eda y revisi\u00f3n de cuentas son prestados a trav\u00e9s de una Firma asociada especializada en la auditor\u00eda de cuentas. [:en]The services of Audit and review of accounts are provided through an associated Firm specialized in the audit of accounts. \u00a0 \u00a0 Audit of annual accounts. Analysis of economic and financial information to [&hellip;]<\/p>\n","protected":false},"author":2,"featured_media":0,"parent":0,"menu_order":21,"comment_status":"closed","ping_status":"closed","template":"","meta":{"footnotes":""},"class_list":["post-39","page","type-page","status-publish","hentry"],"yoast_head":"<!-- This site is optimized with the Yoast SEO plugin v27.4 - https:\/\/yoast.com\/product\/yoast-seo-wordpress\/ -->\n<title>Auditor\u00eda y revisi\u00f3n de cuentas - Escofet Asociados<\/title>\n<meta name=\"description\" content=\"Los servicios de Auditor\u00eda y revisi\u00f3n de cuentas son prestados a trav\u00e9s de una Firma asociada especializada en la auditor\u00eda de cuentas.\" \/>\n<meta name=\"robots\" content=\"index, follow, max-snippet:-1, max-image-preview:large, max-video-preview:-1\" \/>\n<link rel=\"canonical\" href=\"https:\/\/www.escofetasociados.com\/web\/auditoria-y-revision-de-cuentas\/\" \/>\n<meta property=\"og:locale\" content=\"es_ES\" \/>\n<meta property=\"og:type\" content=\"article\" \/>\n<meta property=\"og:title\" content=\"Auditor\u00eda y revisi\u00f3n de cuentas - Escofet Asociados\" \/>\n<meta property=\"og:description\" content=\"Los servicios de Auditor\u00eda y revisi\u00f3n de cuentas son prestados a trav\u00e9s de una Firma asociada especializada en la auditor\u00eda de cuentas.\" \/>\n<meta property=\"og:url\" content=\"https:\/\/www.escofetasociados.com\/web\/auditoria-y-revision-de-cuentas\/\" \/>\n<meta property=\"og:site_name\" content=\"Escofet Asociados\" \/>\n<meta property=\"article:modified_time\" content=\"2020-04-18T17:50:26+00:00\" \/>\n<meta name=\"twitter:card\" content=\"summary_large_image\" \/>\n<meta name=\"twitter:label1\" content=\"Tiempo de lectura\" \/>\n\t<meta name=\"twitter:data1\" content=\"1 minuto\" \/>\n<script type=\"application\/ld+json\" class=\"yoast-schema-graph\">{\"@context\":\"https:\\\/\\\/schema.org\",\"@graph\":[{\"@type\":\"WebPage\",\"@id\":\"https:\\\/\\\/www.escofetasociados.com\\\/web\\\/auditoria-y-revision-de-cuentas\\\/\",\"url\":\"https:\\\/\\\/www.escofetasociados.com\\\/web\\\/auditoria-y-revision-de-cuentas\\\/\",\"name\":\"Auditor\u00eda y revisi\u00f3n de cuentas - Escofet Asociados\",\"isPartOf\":{\"@id\":\"https:\\\/\\\/www.escofetasociados.com\\\/web\\\/#website\"},\"datePublished\":\"2013-09-09T08:38:30+00:00\",\"dateModified\":\"2020-04-18T17:50:26+00:00\",\"description\":\"Los servicios de Auditor\u00eda y revisi\u00f3n de cuentas son prestados a trav\u00e9s de una Firma asociada especializada en la auditor\u00eda de cuentas.\",\"breadcrumb\":{\"@id\":\"https:\\\/\\\/www.escofetasociados.com\\\/web\\\/auditoria-y-revision-de-cuentas\\\/#breadcrumb\"},\"inLanguage\":\"es\",\"potentialAction\":[{\"@type\":\"ReadAction\",\"target\":[\"https:\\\/\\\/www.escofetasociados.com\\\/web\\\/auditoria-y-revision-de-cuentas\\\/\"]}]},{\"@type\":\"BreadcrumbList\",\"@id\":\"https:\\\/\\\/www.escofetasociados.com\\\/web\\\/auditoria-y-revision-de-cuentas\\\/#breadcrumb\",\"itemListElement\":[{\"@type\":\"ListItem\",\"position\":1,\"name\":\"Portada\",\"item\":\"https:\\\/\\\/www.escofetasociados.com\\\/web\\\/\"},{\"@type\":\"ListItem\",\"position\":2,\"name\":\"Auditor\u00eda y revisi\u00f3n de cuentasAccount audit and review\"}]},{\"@type\":\"WebSite\",\"@id\":\"https:\\\/\\\/www.escofetasociados.com\\\/web\\\/#website\",\"url\":\"https:\\\/\\\/www.escofetasociados.com\\\/web\\\/\",\"name\":\"Escofet Asociados\",\"description\":\"+asociados\",\"publisher\":{\"@id\":\"https:\\\/\\\/www.escofetasociados.com\\\/web\\\/#organization\"},\"potentialAction\":[{\"@type\":\"SearchAction\",\"target\":{\"@type\":\"EntryPoint\",\"urlTemplate\":\"https:\\\/\\\/www.escofetasociados.com\\\/web\\\/?s={search_term_string}\"},\"query-input\":{\"@type\":\"PropertyValueSpecification\",\"valueRequired\":true,\"valueName\":\"search_term_string\"}}],\"inLanguage\":\"es\"},{\"@type\":\"Organization\",\"@id\":\"https:\\\/\\\/www.escofetasociados.com\\\/web\\\/#organization\",\"name\":\"Escofet Asociados\",\"url\":\"https:\\\/\\\/www.escofetasociados.com\\\/web\\\/\",\"logo\":{\"@type\":\"ImageObject\",\"inLanguage\":\"es\",\"@id\":\"https:\\\/\\\/www.escofetasociados.com\\\/web\\\/#\\\/schema\\\/logo\\\/image\\\/\",\"url\":\"https:\\\/\\\/i0.wp.com\\\/www.escofetasociados.com\\\/web\\\/wp-content\\\/uploads\\\/2013\\\/10\\\/logop1.jpg?fit=100%2C170&ssl=1\",\"contentUrl\":\"https:\\\/\\\/i0.wp.com\\\/www.escofetasociados.com\\\/web\\\/wp-content\\\/uploads\\\/2013\\\/10\\\/logop1.jpg?fit=100%2C170&ssl=1\",\"width\":100,\"height\":170,\"caption\":\"Escofet Asociados\"},\"image\":{\"@id\":\"https:\\\/\\\/www.escofetasociados.com\\\/web\\\/#\\\/schema\\\/logo\\\/image\\\/\"}}]}<\/script>\n<!-- \/ Yoast SEO plugin. -->","yoast_head_json":{"title":"Auditor\u00eda y revisi\u00f3n de cuentas - Escofet Asociados","description":"Los servicios de Auditor\u00eda y revisi\u00f3n de cuentas son prestados a trav\u00e9s de una Firma asociada especializada en la auditor\u00eda de cuentas.","robots":{"index":"index","follow":"follow","max-snippet":"max-snippet:-1","max-image-preview":"max-image-preview:large","max-video-preview":"max-video-preview:-1"},"canonical":"https:\/\/www.escofetasociados.com\/web\/auditoria-y-revision-de-cuentas\/","og_locale":"es_ES","og_type":"article","og_title":"Auditor\u00eda y revisi\u00f3n de cuentas - Escofet Asociados","og_description":"Los servicios de Auditor\u00eda y revisi\u00f3n de cuentas son prestados a trav\u00e9s de una Firma asociada especializada en la auditor\u00eda de cuentas.","og_url":"https:\/\/www.escofetasociados.com\/web\/auditoria-y-revision-de-cuentas\/","og_site_name":"Escofet Asociados","article_modified_time":"2020-04-18T17:50:26+00:00","twitter_card":"summary_large_image","twitter_misc":{"Tiempo de lectura":"1 minuto"},"schema":{"@context":"https:\/\/schema.org","@graph":[{"@type":"WebPage","@id":"https:\/\/www.escofetasociados.com\/web\/auditoria-y-revision-de-cuentas\/","url":"https:\/\/www.escofetasociados.com\/web\/auditoria-y-revision-de-cuentas\/","name":"Auditor\u00eda y revisi\u00f3n de cuentas - Escofet Asociados","isPartOf":{"@id":"https:\/\/www.escofetasociados.com\/web\/#website"},"datePublished":"2013-09-09T08:38:30+00:00","dateModified":"2020-04-18T17:50:26+00:00","description":"Los servicios de Auditor\u00eda y revisi\u00f3n de cuentas son prestados a trav\u00e9s de una Firma asociada especializada en la auditor\u00eda de cuentas.","breadcrumb":{"@id":"https:\/\/www.escofetasociados.com\/web\/auditoria-y-revision-de-cuentas\/#breadcrumb"},"inLanguage":"es","potentialAction":[{"@type":"ReadAction","target":["https:\/\/www.escofetasociados.com\/web\/auditoria-y-revision-de-cuentas\/"]}]},{"@type":"BreadcrumbList","@id":"https:\/\/www.escofetasociados.com\/web\/auditoria-y-revision-de-cuentas\/#breadcrumb","itemListElement":[{"@type":"ListItem","position":1,"name":"Portada","item":"https:\/\/www.escofetasociados.com\/web\/"},{"@type":"ListItem","position":2,"name":"Auditor\u00eda y revisi\u00f3n de cuentasAccount audit and review"}]},{"@type":"WebSite","@id":"https:\/\/www.escofetasociados.com\/web\/#website","url":"https:\/\/www.escofetasociados.com\/web\/","name":"Escofet Asociados","description":"+asociados","publisher":{"@id":"https:\/\/www.escofetasociados.com\/web\/#organization"},"potentialAction":[{"@type":"SearchAction","target":{"@type":"EntryPoint","urlTemplate":"https:\/\/www.escofetasociados.com\/web\/?s={search_term_string}"},"query-input":{"@type":"PropertyValueSpecification","valueRequired":true,"valueName":"search_term_string"}}],"inLanguage":"es"},{"@type":"Organization","@id":"https:\/\/www.escofetasociados.com\/web\/#organization","name":"Escofet Asociados","url":"https:\/\/www.escofetasociados.com\/web\/","logo":{"@type":"ImageObject","inLanguage":"es","@id":"https:\/\/www.escofetasociados.com\/web\/#\/schema\/logo\/image\/","url":"https:\/\/i0.wp.com\/www.escofetasociados.com\/web\/wp-content\/uploads\/2013\/10\/logop1.jpg?fit=100%2C170&ssl=1","contentUrl":"https:\/\/i0.wp.com\/www.escofetasociados.com\/web\/wp-content\/uploads\/2013\/10\/logop1.jpg?fit=100%2C170&ssl=1","width":100,"height":170,"caption":"Escofet Asociados"},"image":{"@id":"https:\/\/www.escofetasociados.com\/web\/#\/schema\/logo\/image\/"}}]}},"jetpack_sharing_enabled":true,"_links":{"self":[{"href":"https:\/\/www.escofetasociados.com\/web\/wp-json\/wp\/v2\/pages\/39","targetHints":{"allow":["GET"]}}],"collection":[{"href":"https:\/\/www.escofetasociados.com\/web\/wp-json\/wp\/v2\/pages"}],"about":[{"href":"https:\/\/www.escofetasociados.com\/web\/wp-json\/wp\/v2\/types\/page"}],"author":[{"embeddable":true,"href":"https:\/\/www.escofetasociados.com\/web\/wp-json\/wp\/v2\/users\/2"}],"replies":[{"embeddable":true,"href":"https:\/\/www.escofetasociados.com\/web\/wp-json\/wp\/v2\/comments?post=39"}],"version-history":[{"count":9,"href":"https:\/\/www.escofetasociados.com\/web\/wp-json\/wp\/v2\/pages\/39\/revisions"}],"predecessor-version":[{"id":419,"href":"https:\/\/www.escofetasociados.com\/web\/wp-json\/wp\/v2\/pages\/39\/revisions\/419"}],"wp:attachment":[{"href":"https:\/\/www.escofetasociados.com\/web\/wp-json\/wp\/v2\/media?parent=39"}],"curies":[{"name":"wp","href":"https:\/\/api.w.org\/{rel}","templated":true}]}}