{"id":4,"date":"2013-09-08T18:06:34","date_gmt":"2013-09-08T18:06:34","guid":{"rendered":"https:\/\/escofetasociados.com\/web\/?page_id=4"},"modified":"2023-09-25T14:11:02","modified_gmt":"2023-09-25T12:11:02","slug":"escofet-asociados","status":"publish","type":"page","link":"https:\/\/www.escofetasociados.com\/web\/","title":{"rendered":"Presentaci\u00f3n"},"content":{"rendered":"\n<div class=\"wp-block-columns is-layout-flex wp-container-core-columns-is-layout-28f84493 wp-block-columns-is-layout-flex\">\n<div class=\"wp-block-column is-layout-flow wp-block-column-is-layout-flow\" style=\"flex-basis:33.33%\">\n<figure class=\"wp-block-image size-full\"><a href=\"https:\/\/i0.wp.com\/www.escofetasociados.com\/web\/wp-content\/uploads\/2013\/09\/presentacion2.png?ssl=1\"><img data-recalc-dims=\"1\" loading=\"lazy\" decoding=\"async\" width=\"200\" height=\"301\" src=\"https:\/\/i0.wp.com\/www.escofetasociados.com\/web\/wp-content\/uploads\/2013\/09\/presentacion2.png?resize=200%2C301&#038;ssl=1\" alt=\"\" class=\"wp-image-138\" srcset=\"https:\/\/i0.wp.com\/www.escofetasociados.com\/web\/wp-content\/uploads\/2013\/09\/presentacion2.png?w=200&amp;ssl=1 200w, https:\/\/i0.wp.com\/www.escofetasociados.com\/web\/wp-content\/uploads\/2013\/09\/presentacion2.png?resize=199%2C300&amp;ssl=1 199w\" sizes=\"auto, (max-width: 200px) 100vw, 200px\" \/><\/a><\/figure>\n<\/div>\n\n\n\n<div class=\"wp-block-column is-layout-flow wp-block-column-is-layout-flow\" style=\"flex-basis:66.66%\">\n<p><b>ESCOFET + ASOCIADOS<\/b> es una sociedad profesional que se constituy\u00f3 en Barcelona en el a\u00f1o 1991 por parte de una serie de profesionales de la consultor\u00eda y de la auditor\u00eda, que se agruparon con el objetivo de prestar servicios de asesor\u00eda a empresas en el \u00e1rea econ\u00f3mico-financiera, as\u00ed como en la gesti\u00f3n externa de sociedades, tanto en el \u00e1mbito contable como en el fiscal.Nuestra Firma est\u00e1 inscrita en el Colegio de Economistas como Sociedad Limitada Profesional; adem\u00e1s, es miembro del Instituto de Censores Jurados de Cuentas, de la Asociaci\u00f3n Espa\u00f1ola de Asesores Fiscales y de la Confederaci\u00f3n Fiscal Europea (EUR- TAX). En el \u00e1mbito de la docencia, es empresa colaboradora de la Universitat Oberta. <span style=\"color: #8c0214;\">Nuestras oficinas<\/span> se hallan ubicadas en el centro Barcelona, en la Avda. Diagonal, n\u00famero 484, 3\u00ba, 1\u00aa; con n\u00famero de tel\u00e9fono (+34) 932 152 852 y n\u00famero de fax (+34) 934 871 631. Nuestro e-mail corporativo es <a href=\"mailto:consulting@escofetasociados.com\">consulting@escofetasociados.com<\/a>, y nuestra WEB, <a href=\"http:\/\/escofetasociados.com\/web\/\">www.escofetasociados.com<\/a>. <p>En la actualidad, nuestro despacho est\u00e1 integrado por un conjunto multidisciplinar de profesionales con una alta cualificaci\u00f3n t\u00e9cnica para garantizar la m\u00e1xima diligencia y efectividad en el desempe\u00f1o de sus trabajos:<\/p> <p><span style=\"color: #8c0214;\">Nuestras \u00e1reas principales<\/span> de actuaci\u00f3n son la asesor\u00eda y gesti\u00f3n contable, financiera, fiscal y laboral de las empresas. El actual equipo de profesionales que integra nuestro despacho es estable y sin rotaci\u00f3n y viene desarrollando su actividad profesional con nosotros desde hace varios a\u00f1os, lo que nos permite tener una relaci\u00f3n cercana y de confianza con nuestros clientes. Nuestra misi\u00f3n es ofrecer un trato personal, responsable y confidencial, de forma que nos implicamos directamente en las tareas que nos son encomendadas.<\/p><\/p>\n<\/div>\n<\/div>\n\n\n\n<p><span style=\"color: #8c0214;\">Nuestros responsables de \u00e1reas<\/span> son los siguientes:<\/p>\n\n\n\n<p><a title=\"Ignacio Escofet\" href=\"mailto:iescofet@escofetasociados.com\">Ignacio Escofet<\/a> es el socio director; economista, auditor y m\u00e1ster en asesor\u00eda fiscal.<\/p>\n\n\n\n<p><a title=\"Eva Jarandilla\" href=\"mailto:ejarandilla@escofetasociados.com\">Eva Jarandilla<\/a>, <a title=\"Carlos Mata\" href=\"mailto:cmata@escofetasociados.com\">Carlos Mata<\/a> y <a title=\"Nuria Rodr\u00edguez\" href=\"mailto:nrodriguez@escofetasociados.com\">Nuria Rodr\u00edguez<\/a> son economistas y m\u00e1ster en asesor\u00eda fiscal, responsables de las \u00e1reas fiscal, financiera y de contabilidad y control de gesti\u00f3n.<\/p>\n\n\n\n<p><a title=\"Esther Ayza\" href=\"mailto:eayza@escofetasociados.com\">Esther Ayza<\/a> es diplomada en relaciones laborales y coordina el departamento laboral.<\/p>\n\n\n\n<p><a title=\"Raquel P. Pujades\" href=\"mailto:rpujades@escofetasociados.com\">Raquel P. Pujades<\/a>&nbsp;es especialista en derecho laboral y Seguridad Social.<\/p>\n\n\n\n<p>Ser miembros de la Asociaci\u00f3n Espa\u00f1ola de Asesores Fiscales nos permite pertenecer a una red de despachos profesionales de la asesor\u00eda altamente cualificados, de forma que podemos compartir conocimientos y experiencias, as\u00ed como estar permanentemente informados de las novedades legislativas y doctrinales en materias fiscales y contables.<!--:--><!--:en--><\/p>\n\n\n\n<p><\/p>\n","protected":false},"excerpt":{"rendered":"<p>ESCOFET + ASOCIADOS es una sociedad profesional que se constituy\u00f3 en Barcelona en el a\u00f1o 1991 por parte de una serie de profesionales de la consultor\u00eda y de la auditor\u00eda, que se agruparon con el objetivo de prestar servicios de asesor\u00eda a empresas en el \u00e1rea econ\u00f3mico-financiera, as\u00ed como en la gesti\u00f3n externa de sociedades, [&hellip;]<\/p>\n","protected":false},"author":2,"featured_media":0,"parent":0,"menu_order":10,"comment_status":"closed","ping_status":"closed","template":"","meta":{"footnotes":""},"class_list":["post-4","page","type-page","status-publish","hentry"],"yoast_head":"<!-- This site is optimized with the Yoast SEO plugin v27.2 - https:\/\/yoast.com\/product\/yoast-seo-wordpress\/ -->\n<title>Presentaci\u00f3n Sociedad Profesional - Escofet Asociados<\/title>\n<meta name=\"description\" content=\"ESCOFET + ASOCIADOS presta servicios de asesor\u00eda en el \u00e1rea econ\u00f3mico-financiera, la gesti\u00f3n externa de sociedades y el \u00e1mbito contable - fiscal\" \/>\n<meta name=\"robots\" content=\"index, follow, max-snippet:-1, max-image-preview:large, max-video-preview:-1\" \/>\n<link rel=\"canonical\" href=\"https:\/\/www.escofetasociados.com\/web\/\" \/>\n<meta property=\"og:locale\" content=\"es_ES\" \/>\n<meta property=\"og:type\" content=\"article\" \/>\n<meta property=\"og:title\" content=\"Presentaci\u00f3n Sociedad Profesional - Escofet Asociados\" \/>\n<meta property=\"og:description\" content=\"ESCOFET + ASOCIADOS presta servicios de asesor\u00eda en el \u00e1rea econ\u00f3mico-financiera, la gesti\u00f3n externa de sociedades y el \u00e1mbito contable - fiscal\" \/>\n<meta property=\"og:url\" content=\"https:\/\/www.escofetasociados.com\/web\/\" \/>\n<meta property=\"og:site_name\" content=\"Escofet Asociados\" \/>\n<meta property=\"article:modified_time\" content=\"2023-09-25T12:11:02+00:00\" \/>\n<meta property=\"og:image\" content=\"https:\/\/www.escofetasociados.com\/web\/wp-content\/uploads\/2013\/09\/presentacion2.png\" \/>\n<meta name=\"twitter:card\" content=\"summary_large_image\" \/>\n<meta name=\"twitter:label1\" content=\"Tiempo de lectura\" \/>\n\t<meta name=\"twitter:data1\" content=\"2 minutos\" \/>\n<script type=\"application\/ld+json\" class=\"yoast-schema-graph\">{\"@context\":\"https:\/\/schema.org\",\"@graph\":[{\"@type\":\"WebPage\",\"@id\":\"https:\/\/www.escofetasociados.com\/web\/\",\"url\":\"https:\/\/www.escofetasociados.com\/web\/\",\"name\":\"Presentaci\u00f3n Sociedad Profesional - Escofet Asociados\",\"isPartOf\":{\"@id\":\"https:\/\/www.escofetasociados.com\/web\/#website\"},\"primaryImageOfPage\":{\"@id\":\"https:\/\/www.escofetasociados.com\/web\/#primaryimage\"},\"image\":{\"@id\":\"https:\/\/www.escofetasociados.com\/web\/#primaryimage\"},\"thumbnailUrl\":\"https:\/\/www.escofetasociados.com\/web\/wp-content\/uploads\/2013\/09\/presentacion2.png\",\"datePublished\":\"2013-09-08T18:06:34+00:00\",\"dateModified\":\"2023-09-25T12:11:02+00:00\",\"description\":\"ESCOFET + ASOCIADOS presta servicios de asesor\u00eda en el \u00e1rea econ\u00f3mico-financiera, la gesti\u00f3n externa de sociedades y el \u00e1mbito contable - fiscal\",\"breadcrumb\":{\"@id\":\"https:\/\/www.escofetasociados.com\/web\/#breadcrumb\"},\"inLanguage\":\"es\",\"potentialAction\":[{\"@type\":\"ReadAction\",\"target\":[\"https:\/\/www.escofetasociados.com\/web\/\"]}]},{\"@type\":\"ImageObject\",\"inLanguage\":\"es\",\"@id\":\"https:\/\/www.escofetasociados.com\/web\/#primaryimage\",\"url\":\"https:\/\/i0.wp.com\/www.escofetasociados.com\/web\/wp-content\/uploads\/2013\/09\/presentacion2.png?fit=200%2C301&ssl=1\",\"contentUrl\":\"https:\/\/i0.wp.com\/www.escofetasociados.com\/web\/wp-content\/uploads\/2013\/09\/presentacion2.png?fit=200%2C301&ssl=1\",\"width\":200,\"height\":301},{\"@type\":\"BreadcrumbList\",\"@id\":\"https:\/\/www.escofetasociados.com\/web\/#breadcrumb\",\"itemListElement\":[{\"@type\":\"ListItem\",\"position\":1,\"name\":\"Portada\",\"item\":\"https:\/\/www.escofetasociados.com\/web\/\"},{\"@type\":\"ListItem\",\"position\":2,\"name\":\"Presentaci\u00f3n\"}]},{\"@type\":\"WebSite\",\"@id\":\"https:\/\/www.escofetasociados.com\/web\/#website\",\"url\":\"https:\/\/www.escofetasociados.com\/web\/\",\"name\":\"Escofet Asociados\",\"description\":\"+asociados\",\"publisher\":{\"@id\":\"https:\/\/www.escofetasociados.com\/web\/#organization\"},\"potentialAction\":[{\"@type\":\"SearchAction\",\"target\":{\"@type\":\"EntryPoint\",\"urlTemplate\":\"https:\/\/www.escofetasociados.com\/web\/?s={search_term_string}\"},\"query-input\":{\"@type\":\"PropertyValueSpecification\",\"valueRequired\":true,\"valueName\":\"search_term_string\"}}],\"inLanguage\":\"es\"},{\"@type\":\"Organization\",\"@id\":\"https:\/\/www.escofetasociados.com\/web\/#organization\",\"name\":\"Escofet Asociados\",\"url\":\"https:\/\/www.escofetasociados.com\/web\/\",\"logo\":{\"@type\":\"ImageObject\",\"inLanguage\":\"es\",\"@id\":\"https:\/\/www.escofetasociados.com\/web\/#\/schema\/logo\/image\/\",\"url\":\"https:\/\/i0.wp.com\/www.escofetasociados.com\/web\/wp-content\/uploads\/2013\/10\/logop1.jpg?fit=100%2C170&ssl=1\",\"contentUrl\":\"https:\/\/i0.wp.com\/www.escofetasociados.com\/web\/wp-content\/uploads\/2013\/10\/logop1.jpg?fit=100%2C170&ssl=1\",\"width\":100,\"height\":170,\"caption\":\"Escofet Asociados\"},\"image\":{\"@id\":\"https:\/\/www.escofetasociados.com\/web\/#\/schema\/logo\/image\/\"}}]}<\/script>\n<!-- \/ Yoast SEO plugin. -->","yoast_head_json":{"title":"Presentaci\u00f3n Sociedad Profesional - Escofet Asociados","description":"ESCOFET + ASOCIADOS presta servicios de asesor\u00eda en el \u00e1rea econ\u00f3mico-financiera, la gesti\u00f3n externa de sociedades y el \u00e1mbito contable - fiscal","robots":{"index":"index","follow":"follow","max-snippet":"max-snippet:-1","max-image-preview":"max-image-preview:large","max-video-preview":"max-video-preview:-1"},"canonical":"https:\/\/www.escofetasociados.com\/web\/","og_locale":"es_ES","og_type":"article","og_title":"Presentaci\u00f3n Sociedad Profesional - Escofet Asociados","og_description":"ESCOFET + ASOCIADOS presta servicios de asesor\u00eda en el \u00e1rea econ\u00f3mico-financiera, la gesti\u00f3n externa de sociedades y el \u00e1mbito contable - fiscal","og_url":"https:\/\/www.escofetasociados.com\/web\/","og_site_name":"Escofet Asociados","article_modified_time":"2023-09-25T12:11:02+00:00","og_image":[{"url":"https:\/\/www.escofetasociados.com\/web\/wp-content\/uploads\/2013\/09\/presentacion2.png","type":"","width":"","height":""}],"twitter_card":"summary_large_image","twitter_misc":{"Tiempo de lectura":"2 minutos"},"schema":{"@context":"https:\/\/schema.org","@graph":[{"@type":"WebPage","@id":"https:\/\/www.escofetasociados.com\/web\/","url":"https:\/\/www.escofetasociados.com\/web\/","name":"Presentaci\u00f3n Sociedad Profesional - Escofet Asociados","isPartOf":{"@id":"https:\/\/www.escofetasociados.com\/web\/#website"},"primaryImageOfPage":{"@id":"https:\/\/www.escofetasociados.com\/web\/#primaryimage"},"image":{"@id":"https:\/\/www.escofetasociados.com\/web\/#primaryimage"},"thumbnailUrl":"https:\/\/www.escofetasociados.com\/web\/wp-content\/uploads\/2013\/09\/presentacion2.png","datePublished":"2013-09-08T18:06:34+00:00","dateModified":"2023-09-25T12:11:02+00:00","description":"ESCOFET + ASOCIADOS presta servicios de asesor\u00eda en el \u00e1rea econ\u00f3mico-financiera, la gesti\u00f3n externa de sociedades y el \u00e1mbito contable - fiscal","breadcrumb":{"@id":"https:\/\/www.escofetasociados.com\/web\/#breadcrumb"},"inLanguage":"es","potentialAction":[{"@type":"ReadAction","target":["https:\/\/www.escofetasociados.com\/web\/"]}]},{"@type":"ImageObject","inLanguage":"es","@id":"https:\/\/www.escofetasociados.com\/web\/#primaryimage","url":"https:\/\/i0.wp.com\/www.escofetasociados.com\/web\/wp-content\/uploads\/2013\/09\/presentacion2.png?fit=200%2C301&ssl=1","contentUrl":"https:\/\/i0.wp.com\/www.escofetasociados.com\/web\/wp-content\/uploads\/2013\/09\/presentacion2.png?fit=200%2C301&ssl=1","width":200,"height":301},{"@type":"BreadcrumbList","@id":"https:\/\/www.escofetasociados.com\/web\/#breadcrumb","itemListElement":[{"@type":"ListItem","position":1,"name":"Portada","item":"https:\/\/www.escofetasociados.com\/web\/"},{"@type":"ListItem","position":2,"name":"Presentaci\u00f3n"}]},{"@type":"WebSite","@id":"https:\/\/www.escofetasociados.com\/web\/#website","url":"https:\/\/www.escofetasociados.com\/web\/","name":"Escofet Asociados","description":"+asociados","publisher":{"@id":"https:\/\/www.escofetasociados.com\/web\/#organization"},"potentialAction":[{"@type":"SearchAction","target":{"@type":"EntryPoint","urlTemplate":"https:\/\/www.escofetasociados.com\/web\/?s={search_term_string}"},"query-input":{"@type":"PropertyValueSpecification","valueRequired":true,"valueName":"search_term_string"}}],"inLanguage":"es"},{"@type":"Organization","@id":"https:\/\/www.escofetasociados.com\/web\/#organization","name":"Escofet Asociados","url":"https:\/\/www.escofetasociados.com\/web\/","logo":{"@type":"ImageObject","inLanguage":"es","@id":"https:\/\/www.escofetasociados.com\/web\/#\/schema\/logo\/image\/","url":"https:\/\/i0.wp.com\/www.escofetasociados.com\/web\/wp-content\/uploads\/2013\/10\/logop1.jpg?fit=100%2C170&ssl=1","contentUrl":"https:\/\/i0.wp.com\/www.escofetasociados.com\/web\/wp-content\/uploads\/2013\/10\/logop1.jpg?fit=100%2C170&ssl=1","width":100,"height":170,"caption":"Escofet Asociados"},"image":{"@id":"https:\/\/www.escofetasociados.com\/web\/#\/schema\/logo\/image\/"}}]}},"jetpack_sharing_enabled":true,"_links":{"self":[{"href":"https:\/\/www.escofetasociados.com\/web\/wp-json\/wp\/v2\/pages\/4","targetHints":{"allow":["GET"]}}],"collection":[{"href":"https:\/\/www.escofetasociados.com\/web\/wp-json\/wp\/v2\/pages"}],"about":[{"href":"https:\/\/www.escofetasociados.com\/web\/wp-json\/wp\/v2\/types\/page"}],"author":[{"embeddable":true,"href":"https:\/\/www.escofetasociados.com\/web\/wp-json\/wp\/v2\/users\/2"}],"replies":[{"embeddable":true,"href":"https:\/\/www.escofetasociados.com\/web\/wp-json\/wp\/v2\/comments?post=4"}],"version-history":[{"count":42,"href":"https:\/\/www.escofetasociados.com\/web\/wp-json\/wp\/v2\/pages\/4\/revisions"}],"predecessor-version":[{"id":492,"href":"https:\/\/www.escofetasociados.com\/web\/wp-json\/wp\/v2\/pages\/4\/revisions\/492"}],"wp:attachment":[{"href":"https:\/\/www.escofetasociados.com\/web\/wp-json\/wp\/v2\/media?parent=4"}],"curies":[{"name":"wp","href":"https:\/\/api.w.org\/{rel}","templated":true}]}}