{"id":43,"date":"2013-09-09T09:39:24","date_gmt":"2013-09-09T08:39:24","guid":{"rendered":"https:\/\/escofetasociados.com\/web\/?page_id=43"},"modified":"2020-04-18T19:39:58","modified_gmt":"2020-04-18T17:39:58","slug":"asesoria-financiera-y-contable","status":"publish","type":"page","link":"https:\/\/www.escofetasociados.com\/web\/asesoria-financiera-y-contable\/","title":{"rendered":"<!--:es-->Asesor\u00eda Financiera y Contable. Outsourcing<!--:--><!--:en-->Financial and Accounting Advice. Outsourcing<!--:-->"},"content":{"rendered":"\n<p>[:es]Ponemos a su disposici\u00f3n una Asesor\u00eda Financiera y Contable, de alta calidad. I trabajamos en su dise\u00f1o, implantaci\u00f3n, organizaci\u00f3n y consolidaci\u00f3n.<\/p>\n\n\n\n<p>[:en]We offer you a high quality Financial and Accounting Advice. I work on its design, implementation, organization and consolidation.<\/p>\n\n\n<p><!--:en--><\/p>\n<table>\n<tbody>\n<tr>\n<td><a href=\"https:\/\/escofetasociados.com\/web\/2014\/01\/a5.png\"><img loading=\"lazy\" decoding=\"async\" class=\"alignnone wp-image-154 size-medium\" src=\"\/wp-content\/uploads\/2014\/01\/a5-199x300.png\" alt=\"Financial and Accounting Advice. Outsourcing\" width=\"199\" height=\"300\" srcset=\"https:\/\/i0.wp.com\/www.escofetasociados.com\/web\/wp-content\/uploads\/2014\/01\/a5.png?resize=199%2C300&amp;ssl=1 199w, https:\/\/i0.wp.com\/www.escofetasociados.com\/web\/wp-content\/uploads\/2014\/01\/a5.png?w=200&amp;ssl=1 200w\" sizes=\"auto, (max-width: 199px) 100vw, 199px\" \/><\/a><\/td>\n<td width=\"20\">\u00a0<\/td>\n<td>\n<ul>\n<li><span style=\"color: #000000; font-family: Verdana;\">Design, implementation and organisation of general, analytical and budgetary accounting. <\/span><\/li>\n<li><span style=\"color: #000000; font-family: Verdana;\">Outsourced management of companies and enterprises. Billing and payments.<\/span><\/li>\n<li><span style=\"color: #000000; font-family: Verdana;\">Financial accounting for companies and permanent establishments.<\/span><\/li>\n<li><span style=\"color: #000000; font-family: Verdana;\">Consolidation of financial statements. <\/span><\/li>\n<li><span style=\"color: #000000; font-family: Verdana;\">Consultation about accounting practices and procedures. <\/span><\/li>\n<li><span style=\"color: #000000; font-family: Verdana;\">Help with drawing up accounting handbooks. <\/span><\/li>\n<li><span style=\"color: #000000; font-family: Verdana;\">Setting up and monitoring financial budgets. <\/span><\/li>\n<li><span style=\"color: #000000; font-family: Verdana;\">Accounts monitoring and management control. <\/span><\/li>\n<li><span style=\"color: #000000; font-family: Verdana;\">Accounting and advisory services for non-profit organisations (foundations and associations).<\/span><\/li>\n<\/ul>\n<\/td>\n<\/tr>\n<\/tbody>\n<\/table>\n<p><!--:--><!--:es--><\/p>\n<table>\n<tbody>\n<tr>\n<td><a href=\"https:\/\/escofetasociados.com\/web\/2014\/01\/a5.png\"><img loading=\"lazy\" decoding=\"async\" class=\"alignnone wp-image-154 size-medium\" src=\"\/wp-content\/uploads\/2014\/01\/a5-199x300.png\" alt=\"Asesor\u00eda Financiera y Contable\" width=\"199\" height=\"300\" srcset=\"https:\/\/i0.wp.com\/www.escofetasociados.com\/web\/wp-content\/uploads\/2014\/01\/a5.png?resize=199%2C300&amp;ssl=1 199w, https:\/\/i0.wp.com\/www.escofetasociados.com\/web\/wp-content\/uploads\/2014\/01\/a5.png?w=200&amp;ssl=1 200w\" sizes=\"auto, (max-width: 199px) 100vw, 199px\" \/><\/a><\/td>\n<td width=\"20\">\u00a0<\/td>\n<td>\n<ul>\n<li>Dise\u00f1o, implantaci\u00f3n y organizaci\u00f3n de la contabilidad general, anal\u00edtica y presupuestaria.<\/li>\n<li>Administraci\u00f3n externa de Sociedades y empresas. Facturaci\u00f3n y gesti\u00f3n de pagos.<\/li>\n<li>Realizaci\u00f3n de la contabilidad financiera de las Sociedades y de establecimientos permanentes.<\/li>\n<li>Consolidaci\u00f3n de estados financieros.<\/li>\n<li>Consultas sobre pr\u00e1cticas y procedimientos contables.<\/li>\n<li>Asistencia en la preparaci\u00f3n de manuales de contabilidad.<\/li>\n<li>Establecimiento y seguimiento de presupuestos financieros.<\/li>\n<li>Seguimiento contable y control de gesti\u00f3n.<\/li>\n<li>Contabilidad y asesor\u00eda de entidades sin \u00e1nimos de lucro (Asociaciones y Fundaciones).<\/li>\n<\/ul>\n<\/td>\n<\/tr>\n<\/tbody>\n<\/table>\n<p><!--:--><\/p>","protected":false},"excerpt":{"rendered":"<p>[:es]Ponemos a su disposici\u00f3n una Asesor\u00eda Financiera y Contable, de alta calidad. I trabajamos en su dise\u00f1o, implantaci\u00f3n, organizaci\u00f3n y consolidaci\u00f3n. [:en]We offer you a high quality Financial and Accounting Advice. I work on its design, implementation, organization and consolidation. \u00a0 Design, implementation and organisation of general, analytical and budgetary accounting. Outsourced management of companies [&hellip;]<\/p>\n","protected":false},"author":2,"featured_media":0,"parent":0,"menu_order":23,"comment_status":"closed","ping_status":"closed","template":"","meta":{"footnotes":""},"class_list":["post-43","page","type-page","status-publish","hentry"],"yoast_head":"<!-- This site is optimized with the Yoast SEO plugin v27.2 - https:\/\/yoast.com\/product\/yoast-seo-wordpress\/ -->\n<title>Asesor\u00eda Financiera y Contable - Escofet Asociados<\/title>\n<meta name=\"description\" content=\"Ponemos a su disposici\u00f3n una Asesor\u00eda Financiera y Contable, de alta calidad. I trabajamos en su dise\u00f1o, implantaci\u00f3n, organizaci\u00f3n y consolidaci\u00f3n.\" \/>\n<meta name=\"robots\" content=\"index, follow, max-snippet:-1, max-image-preview:large, max-video-preview:-1\" \/>\n<link rel=\"canonical\" href=\"https:\/\/www.escofetasociados.com\/web\/asesoria-financiera-y-contable\/\" \/>\n<meta property=\"og:locale\" content=\"es_ES\" \/>\n<meta property=\"og:type\" content=\"article\" \/>\n<meta property=\"og:title\" content=\"Asesor\u00eda Financiera y Contable - Escofet Asociados\" \/>\n<meta property=\"og:description\" content=\"Ponemos a su disposici\u00f3n una Asesor\u00eda Financiera y Contable, de alta calidad. I trabajamos en su dise\u00f1o, implantaci\u00f3n, organizaci\u00f3n y consolidaci\u00f3n.\" \/>\n<meta property=\"og:url\" content=\"https:\/\/www.escofetasociados.com\/web\/asesoria-financiera-y-contable\/\" \/>\n<meta property=\"og:site_name\" content=\"Escofet Asociados\" \/>\n<meta property=\"article:modified_time\" content=\"2020-04-18T17:39:58+00:00\" \/>\n<meta name=\"twitter:card\" content=\"summary_large_image\" \/>\n<meta name=\"twitter:label1\" content=\"Tiempo de lectura\" \/>\n\t<meta name=\"twitter:data1\" content=\"1 minuto\" \/>\n<script type=\"application\/ld+json\" class=\"yoast-schema-graph\">{\"@context\":\"https:\/\/schema.org\",\"@graph\":[{\"@type\":\"WebPage\",\"@id\":\"https:\/\/www.escofetasociados.com\/web\/asesoria-financiera-y-contable\/\",\"url\":\"https:\/\/www.escofetasociados.com\/web\/asesoria-financiera-y-contable\/\",\"name\":\"Asesor\u00eda Financiera y Contable - Escofet Asociados\",\"isPartOf\":{\"@id\":\"https:\/\/www.escofetasociados.com\/web\/#website\"},\"datePublished\":\"2013-09-09T08:39:24+00:00\",\"dateModified\":\"2020-04-18T17:39:58+00:00\",\"description\":\"Ponemos a su disposici\u00f3n una Asesor\u00eda Financiera y Contable, de alta calidad. I trabajamos en su dise\u00f1o, implantaci\u00f3n, organizaci\u00f3n y consolidaci\u00f3n.\",\"breadcrumb\":{\"@id\":\"https:\/\/www.escofetasociados.com\/web\/asesoria-financiera-y-contable\/#breadcrumb\"},\"inLanguage\":\"es\",\"potentialAction\":[{\"@type\":\"ReadAction\",\"target\":[\"https:\/\/www.escofetasociados.com\/web\/asesoria-financiera-y-contable\/\"]}]},{\"@type\":\"BreadcrumbList\",\"@id\":\"https:\/\/www.escofetasociados.com\/web\/asesoria-financiera-y-contable\/#breadcrumb\",\"itemListElement\":[{\"@type\":\"ListItem\",\"position\":1,\"name\":\"Portada\",\"item\":\"https:\/\/www.escofetasociados.com\/web\/\"},{\"@type\":\"ListItem\",\"position\":2,\"name\":\"Asesor\u00eda Financiera y Contable. OutsourcingFinancial and Accounting Advice. Outsourcing\"}]},{\"@type\":\"WebSite\",\"@id\":\"https:\/\/www.escofetasociados.com\/web\/#website\",\"url\":\"https:\/\/www.escofetasociados.com\/web\/\",\"name\":\"Escofet Asociados\",\"description\":\"+asociados\",\"publisher\":{\"@id\":\"https:\/\/www.escofetasociados.com\/web\/#organization\"},\"potentialAction\":[{\"@type\":\"SearchAction\",\"target\":{\"@type\":\"EntryPoint\",\"urlTemplate\":\"https:\/\/www.escofetasociados.com\/web\/?s={search_term_string}\"},\"query-input\":{\"@type\":\"PropertyValueSpecification\",\"valueRequired\":true,\"valueName\":\"search_term_string\"}}],\"inLanguage\":\"es\"},{\"@type\":\"Organization\",\"@id\":\"https:\/\/www.escofetasociados.com\/web\/#organization\",\"name\":\"Escofet Asociados\",\"url\":\"https:\/\/www.escofetasociados.com\/web\/\",\"logo\":{\"@type\":\"ImageObject\",\"inLanguage\":\"es\",\"@id\":\"https:\/\/www.escofetasociados.com\/web\/#\/schema\/logo\/image\/\",\"url\":\"https:\/\/i0.wp.com\/www.escofetasociados.com\/web\/wp-content\/uploads\/2013\/10\/logop1.jpg?fit=100%2C170&ssl=1\",\"contentUrl\":\"https:\/\/i0.wp.com\/www.escofetasociados.com\/web\/wp-content\/uploads\/2013\/10\/logop1.jpg?fit=100%2C170&ssl=1\",\"width\":100,\"height\":170,\"caption\":\"Escofet Asociados\"},\"image\":{\"@id\":\"https:\/\/www.escofetasociados.com\/web\/#\/schema\/logo\/image\/\"}}]}<\/script>\n<!-- \/ Yoast SEO plugin. -->","yoast_head_json":{"title":"Asesor\u00eda Financiera y Contable - Escofet Asociados","description":"Ponemos a su disposici\u00f3n una Asesor\u00eda Financiera y Contable, de alta calidad. I trabajamos en su dise\u00f1o, implantaci\u00f3n, organizaci\u00f3n y consolidaci\u00f3n.","robots":{"index":"index","follow":"follow","max-snippet":"max-snippet:-1","max-image-preview":"max-image-preview:large","max-video-preview":"max-video-preview:-1"},"canonical":"https:\/\/www.escofetasociados.com\/web\/asesoria-financiera-y-contable\/","og_locale":"es_ES","og_type":"article","og_title":"Asesor\u00eda Financiera y Contable - Escofet Asociados","og_description":"Ponemos a su disposici\u00f3n una Asesor\u00eda Financiera y Contable, de alta calidad. I trabajamos en su dise\u00f1o, implantaci\u00f3n, organizaci\u00f3n y consolidaci\u00f3n.","og_url":"https:\/\/www.escofetasociados.com\/web\/asesoria-financiera-y-contable\/","og_site_name":"Escofet Asociados","article_modified_time":"2020-04-18T17:39:58+00:00","twitter_card":"summary_large_image","twitter_misc":{"Tiempo de lectura":"1 minuto"},"schema":{"@context":"https:\/\/schema.org","@graph":[{"@type":"WebPage","@id":"https:\/\/www.escofetasociados.com\/web\/asesoria-financiera-y-contable\/","url":"https:\/\/www.escofetasociados.com\/web\/asesoria-financiera-y-contable\/","name":"Asesor\u00eda Financiera y Contable - Escofet Asociados","isPartOf":{"@id":"https:\/\/www.escofetasociados.com\/web\/#website"},"datePublished":"2013-09-09T08:39:24+00:00","dateModified":"2020-04-18T17:39:58+00:00","description":"Ponemos a su disposici\u00f3n una Asesor\u00eda Financiera y Contable, de alta calidad. I trabajamos en su dise\u00f1o, implantaci\u00f3n, organizaci\u00f3n y consolidaci\u00f3n.","breadcrumb":{"@id":"https:\/\/www.escofetasociados.com\/web\/asesoria-financiera-y-contable\/#breadcrumb"},"inLanguage":"es","potentialAction":[{"@type":"ReadAction","target":["https:\/\/www.escofetasociados.com\/web\/asesoria-financiera-y-contable\/"]}]},{"@type":"BreadcrumbList","@id":"https:\/\/www.escofetasociados.com\/web\/asesoria-financiera-y-contable\/#breadcrumb","itemListElement":[{"@type":"ListItem","position":1,"name":"Portada","item":"https:\/\/www.escofetasociados.com\/web\/"},{"@type":"ListItem","position":2,"name":"Asesor\u00eda Financiera y Contable. OutsourcingFinancial and Accounting Advice. Outsourcing"}]},{"@type":"WebSite","@id":"https:\/\/www.escofetasociados.com\/web\/#website","url":"https:\/\/www.escofetasociados.com\/web\/","name":"Escofet Asociados","description":"+asociados","publisher":{"@id":"https:\/\/www.escofetasociados.com\/web\/#organization"},"potentialAction":[{"@type":"SearchAction","target":{"@type":"EntryPoint","urlTemplate":"https:\/\/www.escofetasociados.com\/web\/?s={search_term_string}"},"query-input":{"@type":"PropertyValueSpecification","valueRequired":true,"valueName":"search_term_string"}}],"inLanguage":"es"},{"@type":"Organization","@id":"https:\/\/www.escofetasociados.com\/web\/#organization","name":"Escofet Asociados","url":"https:\/\/www.escofetasociados.com\/web\/","logo":{"@type":"ImageObject","inLanguage":"es","@id":"https:\/\/www.escofetasociados.com\/web\/#\/schema\/logo\/image\/","url":"https:\/\/i0.wp.com\/www.escofetasociados.com\/web\/wp-content\/uploads\/2013\/10\/logop1.jpg?fit=100%2C170&ssl=1","contentUrl":"https:\/\/i0.wp.com\/www.escofetasociados.com\/web\/wp-content\/uploads\/2013\/10\/logop1.jpg?fit=100%2C170&ssl=1","width":100,"height":170,"caption":"Escofet Asociados"},"image":{"@id":"https:\/\/www.escofetasociados.com\/web\/#\/schema\/logo\/image\/"}}]}},"jetpack_sharing_enabled":true,"_links":{"self":[{"href":"https:\/\/www.escofetasociados.com\/web\/wp-json\/wp\/v2\/pages\/43","targetHints":{"allow":["GET"]}}],"collection":[{"href":"https:\/\/www.escofetasociados.com\/web\/wp-json\/wp\/v2\/pages"}],"about":[{"href":"https:\/\/www.escofetasociados.com\/web\/wp-json\/wp\/v2\/types\/page"}],"author":[{"embeddable":true,"href":"https:\/\/www.escofetasociados.com\/web\/wp-json\/wp\/v2\/users\/2"}],"replies":[{"embeddable":true,"href":"https:\/\/www.escofetasociados.com\/web\/wp-json\/wp\/v2\/comments?post=43"}],"version-history":[{"count":10,"href":"https:\/\/www.escofetasociados.com\/web\/wp-json\/wp\/v2\/pages\/43\/revisions"}],"predecessor-version":[{"id":415,"href":"https:\/\/www.escofetasociados.com\/web\/wp-json\/wp\/v2\/pages\/43\/revisions\/415"}],"wp:attachment":[{"href":"https:\/\/www.escofetasociados.com\/web\/wp-json\/wp\/v2\/media?parent=43"}],"curies":[{"name":"wp","href":"https:\/\/api.w.org\/{rel}","templated":true}]}}