{"id":487,"date":"2023-09-25T13:17:09","date_gmt":"2023-09-25T11:17:09","guid":{"rendered":"https:\/\/www.escofetasociados.com\/web\/presentacion-english\/"},"modified":"2023-09-25T14:09:34","modified_gmt":"2023-09-25T12:09:34","slug":"presentacion-english","status":"publish","type":"page","link":"https:\/\/www.escofetasociados.com\/web\/en\/presentacion-english\/","title":{"rendered":"Presentation"},"content":{"rendered":"\n<div class=\"wp-block-columns is-layout-flex wp-container-core-columns-is-layout-28f84493 wp-block-columns-is-layout-flex\">\n<div class=\"wp-block-column is-layout-flow wp-block-column-is-layout-flow\" style=\"flex-basis:33.33%\">\n<figure class=\"wp-block-image size-full\"><a href=\"https:\/\/i0.wp.com\/www.escofetasociados.com\/web\/wp-content\/uploads\/2013\/09\/presentacion2.png?ssl=1\"><img data-recalc-dims=\"1\" loading=\"lazy\" decoding=\"async\" width=\"200\" height=\"301\" src=\"https:\/\/i0.wp.com\/www.escofetasociados.com\/web\/wp-content\/uploads\/2013\/09\/presentacion2.png?resize=200%2C301&#038;ssl=1\" alt=\"\" class=\"wp-image-138\" srcset=\"https:\/\/i0.wp.com\/www.escofetasociados.com\/web\/wp-content\/uploads\/2013\/09\/presentacion2.png?w=200&amp;ssl=1 200w, https:\/\/i0.wp.com\/www.escofetasociados.com\/web\/wp-content\/uploads\/2013\/09\/presentacion2.png?resize=199%2C300&amp;ssl=1 199w\" sizes=\"auto, (max-width: 200px) 100vw, 200px\" \/><\/a><\/figure>\n<\/div>\n\n\n\n<div class=\"wp-block-column is-layout-flow wp-block-column-is-layout-flow\" style=\"flex-basis:66.66%\">\n<p><b>ESCOFET + ASOCIADOS <\/b>is a professional firm that was established in Barcelona in 1991 by a group of consultants and auditors who came together to deliver financial and outsourced business management accounting and tax advisory services to companies. <p>Our firm is registered with the <i>Colegio de Economistas<\/i> (Association of Economists) as a <i>Sociedad Limitada Profesional<\/i> (professional limited liability company). It is also a member of the <i>Instituto de Censores Jurados de Cuentas<\/i> (Institute of Chartered Accountants) the <i>Asociaci\u00f3n Espa\u00f1ola de Asesores Fiscales<\/i> (Spanish Association of Tax Consultants) and the <i>Conf\u00e9d\u00e9ration Fiscale Europ\u00e9enne<\/i> (EUR-TAX). It partners the Open University of Catalonia.<\/p> <p><span style=\"color: #8c0214;\">Our offices<\/span> are in central Barcelona at Avda. Diagonal, no. 484, 3\u00ba, 1\u00aa, phone number (+34) 932 152 852 and fax (+34) 934 871 631. Our corporate email address is <a href=\"mailto:consulting@escofetasociados.com\">consulting@escofetasociados.com<\/a>, and<br>our website is, <a href=\"http:\/\/escofetasociados.com\/web\/\">www.escofetasociados.com<\/a>.<\/p> <p>Our firm is staffed by a multidisciplinary team of highly qualified professionals who deliver utmost diligence and effectiveness in their work.<br><span style=\"color: #8c0214;\">Our main areas are accounting<\/span>, financial, tax and labour consultancy and management for companies. Our firm\u2019s team is stable with no turnover and has been working with us for several years, which means we have a close and trusting relationship with our clients. We are committed to providing personal, responsible and confidential service and are directly involved in carrying out all the commissions we receive.<\/p> <\/p>\n<\/div>\n<\/div>\n\n\n\n<p><span style=\"color: #8c0214;\">Our area heads<\/span> are as follows:<\/p>\n\n\n\n<p><a title=\"Ignacio Escofet\" href=\"mailto:iescofet@escofetasociados.com\">Ignacio Escofet<\/a> is the managing partner. He is an economist and auditor and has a Master\u2019s degree in Tax Advice.<\/p>\n\n\n\n<p><a title=\"Eva Jarandilla\" href=\"mailto:ejarandilla@escofetasociados.com\">Eva Jarandilla<\/a>, <a title=\"Carlos Mata\" href=\"mailto:cmata@escofetasociados.com\">Carlos Mata<\/a> and <a title=\"Nuria Rodr\u00edguez\" href=\"mailto:nrodriguez@escofetasociados.com\">Nuria Rodr\u00edguez<\/a> are economists and have Master\u2019s degrees in Tax Advice. They are in charge of the tax, financial and accounting and management control areas.<\/p>\n\n\n\n<p><a title=\"Esther Ayza\" href=\"mailto:eayza@escofetasociados.com\">Esther Ayza<\/a> has a degree in Industrial Relations and coordinates the labour department.<\/p>\n\n\n\n<p><a title=\"Raquel P. Pujades\" href=\"mailto:rpujades@escofetasociados.com\">Raquel P. Pujades<\/a>&nbsp;is an specialist in&nbsp;labor law and Social Security.<\/p>\n\n\n\n<p>As members of the <i>Asociaci\u00f3n Espa\u00f1ola de Asesores Fiscales<\/i> we belong to a network of highly qualified professional consultancy firms. This means we can share knowledge and experience and are constantly up-to-speed with legislative and case law developments in tax and accounting issues.<\/p>\n","protected":false},"excerpt":{"rendered":"<p>ESCOFET + ASOCIADOS is a professional firm that was established in Barcelona in 1991 by a group of consultants and auditors who came together to deliver financial and outsourced business management accounting and tax advisory services to companies. Our firm is registered with the Colegio de Economistas (Association of Economists) as a Sociedad Limitada Profesional [&hellip;]<\/p>\n","protected":false},"author":3,"featured_media":0,"parent":0,"menu_order":0,"comment_status":"closed","ping_status":"closed","template":"","meta":{"footnotes":""},"class_list":["post-487","page","type-page","status-publish","hentry"],"yoast_head":"<!-- This site is optimized with the Yoast SEO plugin v27.2 - https:\/\/yoast.com\/product\/yoast-seo-wordpress\/ -->\n<title>Presentation - Escofet Asociados<\/title>\n<meta name=\"robots\" content=\"index, follow, max-snippet:-1, max-image-preview:large, max-video-preview:-1\" \/>\n<link rel=\"canonical\" href=\"https:\/\/www.escofetasociados.com\/web\/en\/presentacion-english\/\" \/>\n<meta property=\"og:locale\" content=\"es_ES\" \/>\n<meta property=\"og:type\" content=\"article\" \/>\n<meta property=\"og:title\" content=\"Presentation - Escofet Asociados\" \/>\n<meta property=\"og:description\" content=\"ESCOFET + ASOCIADOS is a professional firm that was established in Barcelona in 1991 by a group of consultants and auditors who came together to deliver financial and outsourced business management accounting and tax advisory services to companies. Our firm is registered with the Colegio de Economistas (Association of Economists) as a Sociedad Limitada Profesional [&hellip;]\" \/>\n<meta property=\"og:url\" content=\"https:\/\/www.escofetasociados.com\/web\/en\/presentacion-english\/\" \/>\n<meta property=\"og:site_name\" content=\"Escofet Asociados\" \/>\n<meta property=\"article:modified_time\" content=\"2023-09-25T12:09:34+00:00\" \/>\n<meta property=\"og:image\" content=\"https:\/\/www.escofetasociados.com\/web\/wp-content\/uploads\/2013\/09\/presentacion2.png\" \/>\n<meta name=\"twitter:card\" content=\"summary_large_image\" \/>\n<meta name=\"twitter:label1\" content=\"Tiempo de lectura\" \/>\n\t<meta name=\"twitter:data1\" content=\"2 minutos\" \/>\n<script type=\"application\/ld+json\" class=\"yoast-schema-graph\">{\"@context\":\"https:\/\/schema.org\",\"@graph\":[{\"@type\":\"WebPage\",\"@id\":\"https:\/\/www.escofetasociados.com\/web\/en\/presentacion-english\/\",\"url\":\"https:\/\/www.escofetasociados.com\/web\/en\/presentacion-english\/\",\"name\":\"Presentation - Escofet Asociados\",\"isPartOf\":{\"@id\":\"https:\/\/www.escofetasociados.com\/web\/#website\"},\"primaryImageOfPage\":{\"@id\":\"https:\/\/www.escofetasociados.com\/web\/en\/presentacion-english\/#primaryimage\"},\"image\":{\"@id\":\"https:\/\/www.escofetasociados.com\/web\/en\/presentacion-english\/#primaryimage\"},\"thumbnailUrl\":\"https:\/\/www.escofetasociados.com\/web\/wp-content\/uploads\/2013\/09\/presentacion2.png\",\"datePublished\":\"2023-09-25T11:17:09+00:00\",\"dateModified\":\"2023-09-25T12:09:34+00:00\",\"breadcrumb\":{\"@id\":\"https:\/\/www.escofetasociados.com\/web\/en\/presentacion-english\/#breadcrumb\"},\"inLanguage\":\"es\",\"potentialAction\":[{\"@type\":\"ReadAction\",\"target\":[\"https:\/\/www.escofetasociados.com\/web\/en\/presentacion-english\/\"]}]},{\"@type\":\"ImageObject\",\"inLanguage\":\"es\",\"@id\":\"https:\/\/www.escofetasociados.com\/web\/en\/presentacion-english\/#primaryimage\",\"url\":\"https:\/\/i0.wp.com\/www.escofetasociados.com\/web\/wp-content\/uploads\/2013\/09\/presentacion2.png?fit=200%2C301&ssl=1\",\"contentUrl\":\"https:\/\/i0.wp.com\/www.escofetasociados.com\/web\/wp-content\/uploads\/2013\/09\/presentacion2.png?fit=200%2C301&ssl=1\",\"width\":200,\"height\":301},{\"@type\":\"BreadcrumbList\",\"@id\":\"https:\/\/www.escofetasociados.com\/web\/en\/presentacion-english\/#breadcrumb\",\"itemListElement\":[{\"@type\":\"ListItem\",\"position\":1,\"name\":\"Portada\",\"item\":\"https:\/\/www.escofetasociados.com\/web\/\"},{\"@type\":\"ListItem\",\"position\":2,\"name\":\"Presentation\"}]},{\"@type\":\"WebSite\",\"@id\":\"https:\/\/www.escofetasociados.com\/web\/#website\",\"url\":\"https:\/\/www.escofetasociados.com\/web\/\",\"name\":\"Escofet Asociados\",\"description\":\"+asociados\",\"publisher\":{\"@id\":\"https:\/\/www.escofetasociados.com\/web\/#organization\"},\"potentialAction\":[{\"@type\":\"SearchAction\",\"target\":{\"@type\":\"EntryPoint\",\"urlTemplate\":\"https:\/\/www.escofetasociados.com\/web\/?s={search_term_string}\"},\"query-input\":{\"@type\":\"PropertyValueSpecification\",\"valueRequired\":true,\"valueName\":\"search_term_string\"}}],\"inLanguage\":\"es\"},{\"@type\":\"Organization\",\"@id\":\"https:\/\/www.escofetasociados.com\/web\/#organization\",\"name\":\"Escofet Asociados\",\"url\":\"https:\/\/www.escofetasociados.com\/web\/\",\"logo\":{\"@type\":\"ImageObject\",\"inLanguage\":\"es\",\"@id\":\"https:\/\/www.escofetasociados.com\/web\/#\/schema\/logo\/image\/\",\"url\":\"https:\/\/i0.wp.com\/www.escofetasociados.com\/web\/wp-content\/uploads\/2013\/10\/logop1.jpg?fit=100%2C170&ssl=1\",\"contentUrl\":\"https:\/\/i0.wp.com\/www.escofetasociados.com\/web\/wp-content\/uploads\/2013\/10\/logop1.jpg?fit=100%2C170&ssl=1\",\"width\":100,\"height\":170,\"caption\":\"Escofet Asociados\"},\"image\":{\"@id\":\"https:\/\/www.escofetasociados.com\/web\/#\/schema\/logo\/image\/\"}}]}<\/script>\n<!-- \/ Yoast SEO plugin. -->","yoast_head_json":{"title":"Presentation - Escofet Asociados","robots":{"index":"index","follow":"follow","max-snippet":"max-snippet:-1","max-image-preview":"max-image-preview:large","max-video-preview":"max-video-preview:-1"},"canonical":"https:\/\/www.escofetasociados.com\/web\/en\/presentacion-english\/","og_locale":"es_ES","og_type":"article","og_title":"Presentation - Escofet Asociados","og_description":"ESCOFET + ASOCIADOS is a professional firm that was established in Barcelona in 1991 by a group of consultants and auditors who came together to deliver financial and outsourced business management accounting and tax advisory services to companies. Our firm is registered with the Colegio de Economistas (Association of Economists) as a Sociedad Limitada Profesional [&hellip;]","og_url":"https:\/\/www.escofetasociados.com\/web\/en\/presentacion-english\/","og_site_name":"Escofet Asociados","article_modified_time":"2023-09-25T12:09:34+00:00","og_image":[{"url":"https:\/\/www.escofetasociados.com\/web\/wp-content\/uploads\/2013\/09\/presentacion2.png","type":"","width":"","height":""}],"twitter_card":"summary_large_image","twitter_misc":{"Tiempo de lectura":"2 minutos"},"schema":{"@context":"https:\/\/schema.org","@graph":[{"@type":"WebPage","@id":"https:\/\/www.escofetasociados.com\/web\/en\/presentacion-english\/","url":"https:\/\/www.escofetasociados.com\/web\/en\/presentacion-english\/","name":"Presentation - Escofet Asociados","isPartOf":{"@id":"https:\/\/www.escofetasociados.com\/web\/#website"},"primaryImageOfPage":{"@id":"https:\/\/www.escofetasociados.com\/web\/en\/presentacion-english\/#primaryimage"},"image":{"@id":"https:\/\/www.escofetasociados.com\/web\/en\/presentacion-english\/#primaryimage"},"thumbnailUrl":"https:\/\/www.escofetasociados.com\/web\/wp-content\/uploads\/2013\/09\/presentacion2.png","datePublished":"2023-09-25T11:17:09+00:00","dateModified":"2023-09-25T12:09:34+00:00","breadcrumb":{"@id":"https:\/\/www.escofetasociados.com\/web\/en\/presentacion-english\/#breadcrumb"},"inLanguage":"es","potentialAction":[{"@type":"ReadAction","target":["https:\/\/www.escofetasociados.com\/web\/en\/presentacion-english\/"]}]},{"@type":"ImageObject","inLanguage":"es","@id":"https:\/\/www.escofetasociados.com\/web\/en\/presentacion-english\/#primaryimage","url":"https:\/\/i0.wp.com\/www.escofetasociados.com\/web\/wp-content\/uploads\/2013\/09\/presentacion2.png?fit=200%2C301&ssl=1","contentUrl":"https:\/\/i0.wp.com\/www.escofetasociados.com\/web\/wp-content\/uploads\/2013\/09\/presentacion2.png?fit=200%2C301&ssl=1","width":200,"height":301},{"@type":"BreadcrumbList","@id":"https:\/\/www.escofetasociados.com\/web\/en\/presentacion-english\/#breadcrumb","itemListElement":[{"@type":"ListItem","position":1,"name":"Portada","item":"https:\/\/www.escofetasociados.com\/web\/"},{"@type":"ListItem","position":2,"name":"Presentation"}]},{"@type":"WebSite","@id":"https:\/\/www.escofetasociados.com\/web\/#website","url":"https:\/\/www.escofetasociados.com\/web\/","name":"Escofet Asociados","description":"+asociados","publisher":{"@id":"https:\/\/www.escofetasociados.com\/web\/#organization"},"potentialAction":[{"@type":"SearchAction","target":{"@type":"EntryPoint","urlTemplate":"https:\/\/www.escofetasociados.com\/web\/?s={search_term_string}"},"query-input":{"@type":"PropertyValueSpecification","valueRequired":true,"valueName":"search_term_string"}}],"inLanguage":"es"},{"@type":"Organization","@id":"https:\/\/www.escofetasociados.com\/web\/#organization","name":"Escofet Asociados","url":"https:\/\/www.escofetasociados.com\/web\/","logo":{"@type":"ImageObject","inLanguage":"es","@id":"https:\/\/www.escofetasociados.com\/web\/#\/schema\/logo\/image\/","url":"https:\/\/i0.wp.com\/www.escofetasociados.com\/web\/wp-content\/uploads\/2013\/10\/logop1.jpg?fit=100%2C170&ssl=1","contentUrl":"https:\/\/i0.wp.com\/www.escofetasociados.com\/web\/wp-content\/uploads\/2013\/10\/logop1.jpg?fit=100%2C170&ssl=1","width":100,"height":170,"caption":"Escofet Asociados"},"image":{"@id":"https:\/\/www.escofetasociados.com\/web\/#\/schema\/logo\/image\/"}}]}},"jetpack_sharing_enabled":true,"_links":{"self":[{"href":"https:\/\/www.escofetasociados.com\/web\/wp-json\/wp\/v2\/pages\/487","targetHints":{"allow":["GET"]}}],"collection":[{"href":"https:\/\/www.escofetasociados.com\/web\/wp-json\/wp\/v2\/pages"}],"about":[{"href":"https:\/\/www.escofetasociados.com\/web\/wp-json\/wp\/v2\/types\/page"}],"author":[{"embeddable":true,"href":"https:\/\/www.escofetasociados.com\/web\/wp-json\/wp\/v2\/users\/3"}],"replies":[{"embeddable":true,"href":"https:\/\/www.escofetasociados.com\/web\/wp-json\/wp\/v2\/comments?post=487"}],"version-history":[{"count":2,"href":"https:\/\/www.escofetasociados.com\/web\/wp-json\/wp\/v2\/pages\/487\/revisions"}],"predecessor-version":[{"id":491,"href":"https:\/\/www.escofetasociados.com\/web\/wp-json\/wp\/v2\/pages\/487\/revisions\/491"}],"wp:attachment":[{"href":"https:\/\/www.escofetasociados.com\/web\/wp-json\/wp\/v2\/media?parent=487"}],"curies":[{"name":"wp","href":"https:\/\/api.w.org\/{rel}","templated":true}]}}