{"id":7,"date":"2013-09-08T18:08:05","date_gmt":"2013-09-08T18:08:05","guid":{"rendered":"https:\/\/escofetasociados.com\/web\/?page_id=7"},"modified":"2020-09-26T07:53:32","modified_gmt":"2020-09-26T05:53:32","slug":"areas-de-especializacion","status":"publish","type":"page","link":"https:\/\/www.escofetasociados.com\/web\/areas-de-especializacion\/","title":{"rendered":"<!--:es-->\u00c1reas de Especializaci\u00f3n<!--:--><!--:en-->Expertise Areas<!--:-->"},"content":{"rendered":"\n<p>[:es]Los servicios profesionales que prestamos a nuestros clientes se agrupan en&nbsp;estas grandes \u00e1reas de especializaci\u00f3n:<\/p>\n\n\n\n<p>[:es]<\/p>\n\n\n\n<div class=\"wp-block-columns is-layout-flex wp-container-core-columns-is-layout-28f84493 wp-block-columns-is-layout-flex\">\n<div class=\"wp-block-column is-layout-flow wp-block-column-is-layout-flow\">\n<figure class=\"wp-block-image size-large\"><img data-recalc-dims=\"1\" loading=\"lazy\" decoding=\"async\" width=\"400\" height=\"266\" src=\"https:\/\/i0.wp.com\/www.escofetasociados.com\/web\/wp-content\/uploads\/2014\/01\/areas.png?resize=400%2C266&#038;ssl=1\" alt=\"\u00c1reas de Especializaci\u00f3n\" class=\"wp-image-144\" srcset=\"https:\/\/i0.wp.com\/www.escofetasociados.com\/web\/wp-content\/uploads\/2014\/01\/areas.png?w=400&amp;ssl=1 400w, https:\/\/i0.wp.com\/www.escofetasociados.com\/web\/wp-content\/uploads\/2014\/01\/areas.png?resize=300%2C199&amp;ssl=1 300w\" sizes=\"auto, (max-width: 400px) 100vw, 400px\" \/><\/figure>\n<\/div>\n\n\n\n<div class=\"wp-block-column is-layout-flow wp-block-column-is-layout-flow\">\n<p><strong><a href=\"https:\/\/www.escofetasociados.com\/web\/auditoria-y-revision-de-cuentas\/?lang=es\">AUDITOR\u00cdA Y REVISI\u00d3N DE CUENTAS<\/a><\/strong><\/p>\n\n\n\n<p><strong><a href=\"https:\/\/www.escofetasociados.com\/web\/servicios-tributarios\/?lang=es\">SERVICIOS TRIBUTARIOS<\/a><\/strong><\/p>\n\n\n\n<p><strong><a href=\"https:\/\/www.escofetasociados.com\/web\/asesoria-financiera-y-contable\/?lang=es\">ASESOR\u00cdA FINANCIERA Y CONTABLE<\/a><\/strong><\/p>\n\n\n\n<p><strong><a href=\"https:\/\/www.escofetasociados.com\/web\/asesoramiento-financiero\/?lang=es\">ASESORAMIENTO FINANCIERO<\/a><\/strong><\/p>\n\n\n\n<p><strong><a href=\"https:\/\/www.escofetasociados.com\/web\/asesoramiento-corporativo\/?lang=es\">ASESORAMIENTO CORPORATIVO<\/a><\/strong><\/p>\n\n\n\n<p><strong><a href=\"https:\/\/www.escofetasociados.com\/web\/consultoria-laboral\/?lang=es\">CONSULTOR\u00cdA LABORAL<\/a><\/strong><\/p>\n<\/div>\n<\/div>\n\n\n\n<p>[:en]Profesional services to our customers:<\/p>\n\n\n\n<p>[:en]<\/p>\n\n\n\n<div class=\"wp-block-columns is-layout-flex wp-container-core-columns-is-layout-28f84493 wp-block-columns-is-layout-flex\">\n<div class=\"wp-block-column is-layout-flow wp-block-column-is-layout-flow\">\n<figure class=\"wp-block-image size-large\"><img data-recalc-dims=\"1\" loading=\"lazy\" decoding=\"async\" width=\"400\" height=\"266\" src=\"https:\/\/i0.wp.com\/www.escofetasociados.com\/web\/wp-content\/uploads\/2014\/01\/areas.png?resize=400%2C266&#038;ssl=1\" alt=\"Expertise Areas\" class=\"wp-image-144\" srcset=\"https:\/\/i0.wp.com\/www.escofetasociados.com\/web\/wp-content\/uploads\/2014\/01\/areas.png?w=400&amp;ssl=1 400w, https:\/\/i0.wp.com\/www.escofetasociados.com\/web\/wp-content\/uploads\/2014\/01\/areas.png?resize=300%2C199&amp;ssl=1 300w\" sizes=\"auto, (max-width: 400px) 100vw, 400px\" \/><\/figure>\n<\/div>\n\n\n\n<div class=\"wp-block-column is-layout-flow wp-block-column-is-layout-flow\">\n<p><strong><a href=\"https:\/\/www.escofetasociados.com\/web\/auditoria-y-revision-de-cuentas\/?lang=en\">ACCOUNT AUDIT AND REVIEW<\/a><\/strong><\/p>\n\n\n\n<p><strong><a href=\"https:\/\/www.escofetasociados.com\/web\/servicios-tributarios\/?lang=en\">TAX SERVICES<\/a><\/strong><\/p>\n\n\n\n<p><strong><a href=\"https:\/\/www.escofetasociados.com\/web\/asesoria-financiera-y-contable\/?lang=en\">FINANCIAL AND ACCOUNTING ADVICE. OUTSOURCING<\/a><\/strong><\/p>\n\n\n\n<p><strong><a href=\"https:\/\/www.escofetasociados.com\/web\/asesoramiento-financiero\/?lang=en\">FINANCIAL ADVICE<\/a><\/strong><\/p>\n\n\n\n<p><strong><a href=\"https:\/\/www.escofetasociados.com\/web\/asesoramiento-corporativo\/?lang=en\">CORPORATE FINANCE. CORPORATE CONSULTING<\/a><\/strong><\/p>\n\n\n\n<p><strong><a href=\"https:\/\/www.escofetasociados.com\/web\/consultoria-laboral\/?lang=en\">LABOUR CONSULTANCY<\/a><\/strong><\/p>\n<\/div>\n<\/div>\n","protected":false},"excerpt":{"rendered":"<p>[:es]Los servicios profesionales que prestamos a nuestros clientes se agrupan en&nbsp;estas grandes \u00e1reas de especializaci\u00f3n: [:es] AUDITOR\u00cdA Y REVISI\u00d3N DE CUENTAS SERVICIOS TRIBUTARIOS ASESOR\u00cdA FINANCIERA Y CONTABLE ASESORAMIENTO FINANCIERO ASESORAMIENTO CORPORATIVO CONSULTOR\u00cdA LABORAL [:en]Profesional services to our customers: [:en] ACCOUNT AUDIT AND REVIEW TAX SERVICES FINANCIAL AND ACCOUNTING ADVICE. OUTSOURCING FINANCIAL ADVICE CORPORATE FINANCE. CORPORATE [&hellip;]<\/p>\n","protected":false},"author":2,"featured_media":0,"parent":0,"menu_order":20,"comment_status":"closed","ping_status":"closed","template":"","meta":{"footnotes":""},"class_list":["post-7","page","type-page","status-publish","hentry"],"yoast_head":"<!-- This site is optimized with the Yoast SEO plugin v27.2 - https:\/\/yoast.com\/product\/yoast-seo-wordpress\/ -->\n<title>Nuestras \u00c1reas de Especializaci\u00f3n - Escofet Asociados<\/title>\n<meta name=\"description\" content=\"\u00c1reas de Especializaci\u00f3n: AUDITOR\u00cdA Y REVISI\u00d3N DE CUENTAS - SERVICIOS TRIBUTARIOS - ASESOR\u00cdA FINANCIERA Y CONTABLE - CONSULTOR\u00cdA LABORAL\" \/>\n<meta name=\"robots\" content=\"index, follow, max-snippet:-1, max-image-preview:large, max-video-preview:-1\" \/>\n<link rel=\"canonical\" href=\"https:\/\/www.escofetasociados.com\/web\/areas-de-especializacion\/\" \/>\n<meta property=\"og:locale\" content=\"es_ES\" \/>\n<meta property=\"og:type\" content=\"article\" \/>\n<meta property=\"og:title\" content=\"Nuestras \u00c1reas de Especializaci\u00f3n - Escofet Asociados\" \/>\n<meta property=\"og:description\" content=\"\u00c1reas de Especializaci\u00f3n: AUDITOR\u00cdA Y REVISI\u00d3N DE CUENTAS - SERVICIOS TRIBUTARIOS - ASESOR\u00cdA FINANCIERA Y CONTABLE - CONSULTOR\u00cdA LABORAL\" \/>\n<meta property=\"og:url\" content=\"https:\/\/www.escofetasociados.com\/web\/areas-de-especializacion\/\" \/>\n<meta property=\"og:site_name\" content=\"Escofet Asociados\" \/>\n<meta property=\"article:modified_time\" content=\"2020-09-26T05:53:32+00:00\" \/>\n<meta property=\"og:image\" content=\"https:\/\/www.escofetasociados.com\/web\/wp-content\/uploads\/2014\/01\/areas.png\" \/>\n<meta name=\"twitter:card\" content=\"summary_large_image\" \/>\n<script type=\"application\/ld+json\" class=\"yoast-schema-graph\">{\"@context\":\"https:\/\/schema.org\",\"@graph\":[{\"@type\":\"WebPage\",\"@id\":\"https:\/\/www.escofetasociados.com\/web\/areas-de-especializacion\/\",\"url\":\"https:\/\/www.escofetasociados.com\/web\/areas-de-especializacion\/\",\"name\":\"Nuestras \u00c1reas de Especializaci\u00f3n - Escofet Asociados\",\"isPartOf\":{\"@id\":\"https:\/\/www.escofetasociados.com\/web\/#website\"},\"primaryImageOfPage\":{\"@id\":\"https:\/\/www.escofetasociados.com\/web\/areas-de-especializacion\/#primaryimage\"},\"image\":{\"@id\":\"https:\/\/www.escofetasociados.com\/web\/areas-de-especializacion\/#primaryimage\"},\"thumbnailUrl\":\"https:\/\/www.escofetasociados.com\/web\/wp-content\/uploads\/2014\/01\/areas.png\",\"datePublished\":\"2013-09-08T18:08:05+00:00\",\"dateModified\":\"2020-09-26T05:53:32+00:00\",\"description\":\"\u00c1reas de Especializaci\u00f3n: AUDITOR\u00cdA Y REVISI\u00d3N DE CUENTAS - SERVICIOS TRIBUTARIOS - ASESOR\u00cdA FINANCIERA Y CONTABLE - CONSULTOR\u00cdA LABORAL\",\"breadcrumb\":{\"@id\":\"https:\/\/www.escofetasociados.com\/web\/areas-de-especializacion\/#breadcrumb\"},\"inLanguage\":\"es\",\"potentialAction\":[{\"@type\":\"ReadAction\",\"target\":[\"https:\/\/www.escofetasociados.com\/web\/areas-de-especializacion\/\"]}]},{\"@type\":\"ImageObject\",\"inLanguage\":\"es\",\"@id\":\"https:\/\/www.escofetasociados.com\/web\/areas-de-especializacion\/#primaryimage\",\"url\":\"https:\/\/i0.wp.com\/www.escofetasociados.com\/web\/wp-content\/uploads\/2014\/01\/areas.png?fit=400%2C266&ssl=1\",\"contentUrl\":\"https:\/\/i0.wp.com\/www.escofetasociados.com\/web\/wp-content\/uploads\/2014\/01\/areas.png?fit=400%2C266&ssl=1\",\"width\":400,\"height\":266},{\"@type\":\"BreadcrumbList\",\"@id\":\"https:\/\/www.escofetasociados.com\/web\/areas-de-especializacion\/#breadcrumb\",\"itemListElement\":[{\"@type\":\"ListItem\",\"position\":1,\"name\":\"Portada\",\"item\":\"https:\/\/www.escofetasociados.com\/web\/\"},{\"@type\":\"ListItem\",\"position\":2,\"name\":\"\u00c1reas de Especializaci\u00f3nExpertise Areas\"}]},{\"@type\":\"WebSite\",\"@id\":\"https:\/\/www.escofetasociados.com\/web\/#website\",\"url\":\"https:\/\/www.escofetasociados.com\/web\/\",\"name\":\"Escofet Asociados\",\"description\":\"+asociados\",\"publisher\":{\"@id\":\"https:\/\/www.escofetasociados.com\/web\/#organization\"},\"potentialAction\":[{\"@type\":\"SearchAction\",\"target\":{\"@type\":\"EntryPoint\",\"urlTemplate\":\"https:\/\/www.escofetasociados.com\/web\/?s={search_term_string}\"},\"query-input\":{\"@type\":\"PropertyValueSpecification\",\"valueRequired\":true,\"valueName\":\"search_term_string\"}}],\"inLanguage\":\"es\"},{\"@type\":\"Organization\",\"@id\":\"https:\/\/www.escofetasociados.com\/web\/#organization\",\"name\":\"Escofet Asociados\",\"url\":\"https:\/\/www.escofetasociados.com\/web\/\",\"logo\":{\"@type\":\"ImageObject\",\"inLanguage\":\"es\",\"@id\":\"https:\/\/www.escofetasociados.com\/web\/#\/schema\/logo\/image\/\",\"url\":\"https:\/\/i0.wp.com\/www.escofetasociados.com\/web\/wp-content\/uploads\/2013\/10\/logop1.jpg?fit=100%2C170&ssl=1\",\"contentUrl\":\"https:\/\/i0.wp.com\/www.escofetasociados.com\/web\/wp-content\/uploads\/2013\/10\/logop1.jpg?fit=100%2C170&ssl=1\",\"width\":100,\"height\":170,\"caption\":\"Escofet Asociados\"},\"image\":{\"@id\":\"https:\/\/www.escofetasociados.com\/web\/#\/schema\/logo\/image\/\"}}]}<\/script>\n<!-- \/ Yoast SEO plugin. -->","yoast_head_json":{"title":"Nuestras \u00c1reas de Especializaci\u00f3n - Escofet Asociados","description":"\u00c1reas de Especializaci\u00f3n: AUDITOR\u00cdA Y REVISI\u00d3N DE CUENTAS - SERVICIOS TRIBUTARIOS - ASESOR\u00cdA FINANCIERA Y CONTABLE - CONSULTOR\u00cdA LABORAL","robots":{"index":"index","follow":"follow","max-snippet":"max-snippet:-1","max-image-preview":"max-image-preview:large","max-video-preview":"max-video-preview:-1"},"canonical":"https:\/\/www.escofetasociados.com\/web\/areas-de-especializacion\/","og_locale":"es_ES","og_type":"article","og_title":"Nuestras \u00c1reas de Especializaci\u00f3n - Escofet Asociados","og_description":"\u00c1reas de Especializaci\u00f3n: AUDITOR\u00cdA Y REVISI\u00d3N DE CUENTAS - SERVICIOS TRIBUTARIOS - ASESOR\u00cdA FINANCIERA Y CONTABLE - CONSULTOR\u00cdA LABORAL","og_url":"https:\/\/www.escofetasociados.com\/web\/areas-de-especializacion\/","og_site_name":"Escofet Asociados","article_modified_time":"2020-09-26T05:53:32+00:00","og_image":[{"url":"https:\/\/www.escofetasociados.com\/web\/wp-content\/uploads\/2014\/01\/areas.png","type":"","width":"","height":""}],"twitter_card":"summary_large_image","schema":{"@context":"https:\/\/schema.org","@graph":[{"@type":"WebPage","@id":"https:\/\/www.escofetasociados.com\/web\/areas-de-especializacion\/","url":"https:\/\/www.escofetasociados.com\/web\/areas-de-especializacion\/","name":"Nuestras \u00c1reas de Especializaci\u00f3n - Escofet Asociados","isPartOf":{"@id":"https:\/\/www.escofetasociados.com\/web\/#website"},"primaryImageOfPage":{"@id":"https:\/\/www.escofetasociados.com\/web\/areas-de-especializacion\/#primaryimage"},"image":{"@id":"https:\/\/www.escofetasociados.com\/web\/areas-de-especializacion\/#primaryimage"},"thumbnailUrl":"https:\/\/www.escofetasociados.com\/web\/wp-content\/uploads\/2014\/01\/areas.png","datePublished":"2013-09-08T18:08:05+00:00","dateModified":"2020-09-26T05:53:32+00:00","description":"\u00c1reas de Especializaci\u00f3n: AUDITOR\u00cdA Y REVISI\u00d3N DE CUENTAS - SERVICIOS TRIBUTARIOS - ASESOR\u00cdA FINANCIERA Y CONTABLE - CONSULTOR\u00cdA LABORAL","breadcrumb":{"@id":"https:\/\/www.escofetasociados.com\/web\/areas-de-especializacion\/#breadcrumb"},"inLanguage":"es","potentialAction":[{"@type":"ReadAction","target":["https:\/\/www.escofetasociados.com\/web\/areas-de-especializacion\/"]}]},{"@type":"ImageObject","inLanguage":"es","@id":"https:\/\/www.escofetasociados.com\/web\/areas-de-especializacion\/#primaryimage","url":"https:\/\/i0.wp.com\/www.escofetasociados.com\/web\/wp-content\/uploads\/2014\/01\/areas.png?fit=400%2C266&ssl=1","contentUrl":"https:\/\/i0.wp.com\/www.escofetasociados.com\/web\/wp-content\/uploads\/2014\/01\/areas.png?fit=400%2C266&ssl=1","width":400,"height":266},{"@type":"BreadcrumbList","@id":"https:\/\/www.escofetasociados.com\/web\/areas-de-especializacion\/#breadcrumb","itemListElement":[{"@type":"ListItem","position":1,"name":"Portada","item":"https:\/\/www.escofetasociados.com\/web\/"},{"@type":"ListItem","position":2,"name":"\u00c1reas de Especializaci\u00f3nExpertise Areas"}]},{"@type":"WebSite","@id":"https:\/\/www.escofetasociados.com\/web\/#website","url":"https:\/\/www.escofetasociados.com\/web\/","name":"Escofet Asociados","description":"+asociados","publisher":{"@id":"https:\/\/www.escofetasociados.com\/web\/#organization"},"potentialAction":[{"@type":"SearchAction","target":{"@type":"EntryPoint","urlTemplate":"https:\/\/www.escofetasociados.com\/web\/?s={search_term_string}"},"query-input":{"@type":"PropertyValueSpecification","valueRequired":true,"valueName":"search_term_string"}}],"inLanguage":"es"},{"@type":"Organization","@id":"https:\/\/www.escofetasociados.com\/web\/#organization","name":"Escofet Asociados","url":"https:\/\/www.escofetasociados.com\/web\/","logo":{"@type":"ImageObject","inLanguage":"es","@id":"https:\/\/www.escofetasociados.com\/web\/#\/schema\/logo\/image\/","url":"https:\/\/i0.wp.com\/www.escofetasociados.com\/web\/wp-content\/uploads\/2013\/10\/logop1.jpg?fit=100%2C170&ssl=1","contentUrl":"https:\/\/i0.wp.com\/www.escofetasociados.com\/web\/wp-content\/uploads\/2013\/10\/logop1.jpg?fit=100%2C170&ssl=1","width":100,"height":170,"caption":"Escofet Asociados"},"image":{"@id":"https:\/\/www.escofetasociados.com\/web\/#\/schema\/logo\/image\/"}}]}},"jetpack_sharing_enabled":true,"_links":{"self":[{"href":"https:\/\/www.escofetasociados.com\/web\/wp-json\/wp\/v2\/pages\/7","targetHints":{"allow":["GET"]}}],"collection":[{"href":"https:\/\/www.escofetasociados.com\/web\/wp-json\/wp\/v2\/pages"}],"about":[{"href":"https:\/\/www.escofetasociados.com\/web\/wp-json\/wp\/v2\/types\/page"}],"author":[{"embeddable":true,"href":"https:\/\/www.escofetasociados.com\/web\/wp-json\/wp\/v2\/users\/2"}],"replies":[{"embeddable":true,"href":"https:\/\/www.escofetasociados.com\/web\/wp-json\/wp\/v2\/comments?post=7"}],"version-history":[{"count":22,"href":"https:\/\/www.escofetasociados.com\/web\/wp-json\/wp\/v2\/pages\/7\/revisions"}],"predecessor-version":[{"id":446,"href":"https:\/\/www.escofetasociados.com\/web\/wp-json\/wp\/v2\/pages\/7\/revisions\/446"}],"wp:attachment":[{"href":"https:\/\/www.escofetasociados.com\/web\/wp-json\/wp\/v2\/media?parent=7"}],"curies":[{"name":"wp","href":"https:\/\/api.w.org\/{rel}","templated":true}]}}